{"id":1740,"date":"2024-04-22T13:27:13","date_gmt":"2024-04-22T13:27:13","guid":{"rendered":"https:\/\/grupobarcopm.com\/contact\/"},"modified":"2025-10-21T10:43:18","modified_gmt":"2025-10-21T10:43:18","slug":"contacto","status":"publish","type":"page","link":"https:\/\/grupobarcopm.com\/es\/contacto\/","title":{"rendered":"Contacto"},"content":{"rendered":"<p>[et_pb_section fb_built=\u00bb1&#8243; fullwidth=\u00bbon\u00bb _builder_version=\u00bb4.25.0&#8243; _module_preset=\u00bbdefault\u00bb da_disable_devices=\u00bboff|off|off\u00bb global_colors_info=\u00bb{}\u00bb da_is_popup=\u00bboff\u00bb da_exit_intent=\u00bboff\u00bb da_has_close=\u00bbon\u00bb da_alt_close=\u00bboff\u00bb da_dark_close=\u00bboff\u00bb da_not_modal=\u00bbon\u00bb da_is_singular=\u00bboff\u00bb da_with_loader=\u00bboff\u00bb da_has_shadow=\u00bbon\u00bb][et_pb_fullwidth_header _builder_version=\u00bb4.25.0&#8243; _module_preset=\u00bbdefault\u00bb background_color=\u00bb#CC292E\u00bb height=\u00bb30vh\u00bb custom_padding=\u00bb10rem||||false|false\u00bb global_colors_info=\u00bb{}\u00bb][\/et_pb_fullwidth_header][\/et_pb_section][et_pb_section fb_built=\u00bb1&#8243; specialty=\u00bbon\u00bb _builder_version=\u00bb4.25.0&#8243; _module_preset=\u00bbdefault\u00bb da_disable_devices=\u00bboff|off|off\u00bb global_colors_info=\u00bb{}\u00bb da_is_popup=\u00bboff\u00bb da_exit_intent=\u00bboff\u00bb da_has_close=\u00bbon\u00bb da_alt_close=\u00bboff\u00bb da_dark_close=\u00bboff\u00bb da_not_modal=\u00bbon\u00bb da_is_singular=\u00bboff\u00bb da_with_loader=\u00bboff\u00bb da_has_shadow=\u00bbon\u00bb][et_pb_column type=\u00bb1_2&#8243; specialty_columns=\u00bb2&#8243; _builder_version=\u00bb4.16&#8243; custom_padding=\u00bb|||\u00bb global_colors_info=\u00bb{}\u00bb custom_padding__hover=\u00bb|||\u00bb][et_pb_row_inner _builder_version=\u00bb4.25.0&#8243; _module_preset=\u00bbdefault\u00bb global_colors_info=\u00bb{}\u00bb][et_pb_column_inner saved_specialty_column_type=\u00bb1_2&#8243; _builder_version=\u00bb4.25.0&#8243; _module_preset=\u00bbdefault\u00bb global_colors_info=\u00bb{}\u00bb][df_adh_heading title_prefix=\u00bbCONTACTO\u00bb title_prefix_block=\u00bbblock\u00bb title_infix=\u00bbSiempre y en cualquier lugar\u00bb title_infix_block=\u00bbblock\u00bb prefix_padding=\u00bb||1rem||false|false\u00bb _builder_version=\u00bb4.27.0&#8243; _module_preset=\u00bbdefault\u00bb t_prefix_font_size=\u00bb20px\u00bb t_infix_font=\u00bb|700|||||||\u00bb t_infix_font_size=\u00bb50px\u00bb t_infix_line_height=\u00bb1.1em\u00bb t_prefix_font_size_tablet=\u00bb18px\u00bb t_prefix_font_size_phone=\u00bb16px\u00bb t_prefix_font_size_last_edited=\u00bbon|phone\u00bb t_infix_font_size_tablet=\u00bb45px\u00bb t_infix_font_size_phone=\u00bb35px\u00bb t_infix_font_size_last_edited=\u00bbon|phone\u00bb global_colors_info=\u00bb{}\u00bb][\/df_adh_heading][\/et_pb_column_inner][\/et_pb_row_inner][et_pb_row_inner column_structure=\u00bb1_2,1_2&#8243; use_custom_gutter=\u00bbon\u00bb gutter_width=\u00bb2&#8243; _builder_version=\u00bb4.25.0&#8243; _module_preset=\u00bbdefault\u00bb global_colors_info=\u00bb{}\u00bb][et_pb_column_inner type=\u00bb1_2&#8243; saved_specialty_column_type=\u00bb1_2&#8243; _builder_version=\u00bb4.25.0&#8243; _module_preset=\u00bbdefault\u00bb global_colors_info=\u00bb{}\u00bb][et_pb_text _builder_version=\u00bb4.25.0&#8243; _module_preset=\u00bbdefault\u00bb text_font=\u00bbklavika-bold|700|||||||\u00bb text_text_color=\u00bb#000000&#8243; text_font_size_tablet=\u00bb18px\u00bb text_font_size_phone=\u00bb16px\u00bb text_font_size_last_edited=\u00bbon|tablet\u00bb global_colors_info=\u00bb{}\u00bb]<\/p>\n<p>Palma de Mallorca<\/p>\n<p>[\/et_pb_text][et_pb_text _builder_version=\u00bb4.25.0&#8243; text_font_size=\u00bb16px\u00bb text_line_height=\u00bb1.5em\u00bb background_size=\u00bbinitial\u00bb background_position=\u00bbtop_left\u00bb background_repeat=\u00bbrepeat\u00bb custom_padding=\u00bb||||false|false\u00bb custom_padding_tablet=\u00bb||||false|false\u00bb custom_padding_phone=\u00bb||||false|false\u00bb custom_padding_last_edited=\u00bbon|phone\u00bb text_font_size_tablet=\u00bb15px\u00bb text_font_size_phone=\u00bb14px\u00bb text_font_size_last_edited=\u00bbon|tablet\u00bb global_colors_info=\u00bb{}\u00bb]STP<br \/>\nMuelle Viejo s\/n, Edificio Global, Oficina n\u00ba 1, 07012, Palma, Mallorca, Espa\u00f1a.[\/et_pb_text][et_pb_text _builder_version=\u00bb4.25.0&#8243; text_font_size=\u00bb16px\u00bb text_line_height=\u00bb1.5em\u00bb background_size=\u00bbinitial\u00bb background_position=\u00bbtop_left\u00bb background_repeat=\u00bbrepeat\u00bb custom_padding=\u00bb||||false|false\u00bb custom_padding_tablet=\u00bb||||false|false\u00bb custom_padding_phone=\u00bb||||false|false\u00bb custom_padding_last_edited=\u00bbon|phone\u00bb text_font_size_tablet=\u00bb15px\u00bb text_font_size_phone=\u00bb14px\u00bb text_font_size_last_edited=\u00bbon|tablet\u00bb global_colors_info=\u00bb{}\u00bb]<a href=\"tel:+34747866166\">+34 747 866 166<\/a><br \/>\n<a href=\"mailto:info@grupobarcopm.com\">info@grupobarcopm.com<\/a>[\/et_pb_text][\/et_pb_column_inner][et_pb_column_inner type=\u00bb1_2&#8243; saved_specialty_column_type=\u00bb1_2&#8243; _builder_version=\u00bb4.25.0&#8243; _module_preset=\u00bbdefault\u00bb global_colors_info=\u00bb{}\u00bb][et_pb_text _builder_version=\u00bb4.25.0&#8243; _module_preset=\u00bbdefault\u00bb text_font=\u00bbklavika-bold|700|||||||\u00bb text_text_color=\u00bb#000000&#8243; text_font_size_tablet=\u00bb18px\u00bb text_font_size_phone=\u00bb16px\u00bb text_font_size_last_edited=\u00bbon|tablet\u00bb global_colors_info=\u00bb{}\u00bb]<\/p>\n<p>Vilanova<\/p>\n<p>[\/et_pb_text][et_pb_text _builder_version=\u00bb4.25.0&#8243; text_font_size=\u00bb16px\u00bb text_line_height=\u00bb1.5em\u00bb background_size=\u00bbinitial\u00bb background_position=\u00bbtop_left\u00bb background_repeat=\u00bbrepeat\u00bb custom_padding=\u00bb||||false|false\u00bb custom_padding_tablet=\u00bb||||false|false\u00bb custom_padding_phone=\u00bb||||false|false\u00bb custom_padding_last_edited=\u00bbon|phone\u00bb text_font_size_tablet=\u00bb15px\u00bb text_font_size_phone=\u00bb14px\u00bb text_font_size_last_edited=\u00bbon|tablet\u00bb global_colors_info=\u00bb{}\u00bb]Pendennis Vilanova Grand Marina, Moll de Ponent s\/n, 08800, Vilanova i la Geltr\u00fa, Barcelona, Espa\u00f1a.[\/et_pb_text][et_pb_text _builder_version=\u00bb4.25.0&#8243; text_font_size=\u00bb16px\u00bb text_line_height=\u00bb1.5em\u00bb background_size=\u00bbinitial\u00bb background_position=\u00bbtop_left\u00bb background_repeat=\u00bbrepeat\u00bb custom_padding=\u00bb||||false|false\u00bb custom_padding_tablet=\u00bb||||false|false\u00bb custom_padding_phone=\u00bb||||false|false\u00bb custom_padding_last_edited=\u00bbon|phone\u00bb text_font_size_tablet=\u00bb15px\u00bb text_font_size_phone=\u00bb14px\u00bb text_font_size_last_edited=\u00bbon|tablet\u00bb global_colors_info=\u00bb{}\u00bb]<a href=\"tel:+34654375053\">+34 654 375 053<\/a><br \/>\n<a href=\"mailto:infovilanova@grupobarcopm.com\">infovilanova@grupobarcopm.com<\/a>[\/et_pb_text][\/et_pb_column_inner][\/et_pb_row_inner][\/et_pb_column][et_pb_column type=\u00bb1_2&#8243; _builder_version=\u00bb4.16&#8243; custom_padding=\u00bb|||\u00bb global_colors_info=\u00bb{}\u00bb custom_padding__hover=\u00bb|||\u00bb][et_pb_contact_form captcha=\u00bboff\u00bb email=\u00bbinfo@grupobarco.com\u00bb custom_message=\u00bbEmail enviado desde la web de Grupo Barco.||et_pb_line_break_holder||||et_pb_line_break_holder||Nombre Completo: %%Nombre%%||et_pb_line_break_holder||Empresa: %%Empresa%%||et_pb_line_break_holder||M\u00f3vil: %%Movil%%||et_pb_line_break_holder||Servicio: %%Servicio%%||et_pb_line_break_holder||Mensaje: %%Mensaje%%||et_pb_line_break_holder||\u00bb submit_button_text=\u00bbEnviar\u00bb _builder_version=\u00bb4.27.0&#8243; _module_preset=\u00bbdefault\u00bb _unique_id=\u00bb45974d4e-30e2-46c8-8faa-b43919647a45&#8243; form_field_background_color=\u00bb#E9E9EA\u00bb form_field_text_color=\u00bb#000000&#8243; form_field_focus_background_color=\u00bb#E9E9EA\u00bb form_field_focus_text_color=\u00bb#CC292E\u00bb border_radii=\u00bbon|5px|5px|5px|5px\u00bb global_colors_info=\u00bb{}\u00bb][et_pb_contact_field field_id=\u00bbNombre\u00bb field_title=\u00bbNombre\u00bb fullwidth_field=\u00bbon\u00bb _builder_version=\u00bb4.27.0&#8243; global_colors_info=\u00bb{}\u00bb button_text_size__hover_enabled=\u00bboff\u00bb button_one_text_size__hover_enabled=\u00bboff\u00bb button_two_text_size__hover_enabled=\u00bboff\u00bb button_text_color__hover_enabled=\u00bboff\u00bb button_one_text_color__hover_enabled=\u00bboff\u00bb button_two_text_color__hover_enabled=\u00bboff\u00bb button_border_width__hover_enabled=\u00bboff\u00bb button_one_border_width__hover_enabled=\u00bboff\u00bb button_two_border_width__hover_enabled=\u00bboff\u00bb button_border_color__hover_enabled=\u00bboff\u00bb button_one_border_color__hover_enabled=\u00bboff\u00bb button_two_border_color__hover_enabled=\u00bboff\u00bb button_border_radius__hover_enabled=\u00bboff\u00bb button_one_border_radius__hover_enabled=\u00bboff\u00bb button_two_border_radius__hover_enabled=\u00bboff\u00bb button_letter_spacing__hover_enabled=\u00bboff\u00bb button_one_letter_spacing__hover_enabled=\u00bboff\u00bb button_two_letter_spacing__hover_enabled=\u00bboff\u00bb button_bg_color__hover_enabled=\u00bboff\u00bb button_one_bg_color__hover_enabled=\u00bboff\u00bb button_two_bg_color__hover_enabled=\u00bboff\u00bb][\/et_pb_contact_field][et_pb_contact_field field_id=\u00bbEmpresa\u00bb field_title=\u00bbEmpresa\u00bb _builder_version=\u00bb4.27.0&#8243; global_colors_info=\u00bb{}\u00bb button_text_size__hover_enabled=\u00bboff\u00bb button_one_text_size__hover_enabled=\u00bboff\u00bb button_two_text_size__hover_enabled=\u00bboff\u00bb button_text_color__hover_enabled=\u00bboff\u00bb button_one_text_color__hover_enabled=\u00bboff\u00bb button_two_text_color__hover_enabled=\u00bboff\u00bb button_border_width__hover_enabled=\u00bboff\u00bb button_one_border_width__hover_enabled=\u00bboff\u00bb button_two_border_width__hover_enabled=\u00bboff\u00bb button_border_color__hover_enabled=\u00bboff\u00bb button_one_border_color__hover_enabled=\u00bboff\u00bb button_two_border_color__hover_enabled=\u00bboff\u00bb button_border_radius__hover_enabled=\u00bboff\u00bb button_one_border_radius__hover_enabled=\u00bboff\u00bb button_two_border_radius__hover_enabled=\u00bboff\u00bb button_letter_spacing__hover_enabled=\u00bboff\u00bb button_one_letter_spacing__hover_enabled=\u00bboff\u00bb button_two_letter_spacing__hover_enabled=\u00bboff\u00bb button_bg_color__hover_enabled=\u00bboff\u00bb button_one_bg_color__hover_enabled=\u00bboff\u00bb button_two_bg_color__hover_enabled=\u00bboff\u00bb][\/et_pb_contact_field][et_pb_contact_field field_id=\u00bbMovil\u00bb field_title=\u00bbMovil\u00bb _builder_version=\u00bb4.27.0&#8243; global_colors_info=\u00bb{}\u00bb button_text_size__hover_enabled=\u00bboff\u00bb button_one_text_size__hover_enabled=\u00bboff\u00bb button_two_text_size__hover_enabled=\u00bboff\u00bb button_text_color__hover_enabled=\u00bboff\u00bb button_one_text_color__hover_enabled=\u00bboff\u00bb button_two_text_color__hover_enabled=\u00bboff\u00bb button_border_width__hover_enabled=\u00bboff\u00bb button_one_border_width__hover_enabled=\u00bboff\u00bb button_two_border_width__hover_enabled=\u00bboff\u00bb button_border_color__hover_enabled=\u00bboff\u00bb button_one_border_color__hover_enabled=\u00bboff\u00bb button_two_border_color__hover_enabled=\u00bboff\u00bb button_border_radius__hover_enabled=\u00bboff\u00bb button_one_border_radius__hover_enabled=\u00bboff\u00bb button_two_border_radius__hover_enabled=\u00bboff\u00bb button_letter_spacing__hover_enabled=\u00bboff\u00bb button_one_letter_spacing__hover_enabled=\u00bboff\u00bb button_two_letter_spacing__hover_enabled=\u00bboff\u00bb button_bg_color__hover_enabled=\u00bboff\u00bb button_one_bg_color__hover_enabled=\u00bboff\u00bb button_two_bg_color__hover_enabled=\u00bboff\u00bb][\/et_pb_contact_field][et_pb_contact_field field_id=\u00bbEmail\u00bb field_title=\u00bbEmail\u00bb field_type=\u00bbemail\u00bb fullwidth_field=\u00bbon\u00bb _builder_version=\u00bb4.27.0&#8243; global_colors_info=\u00bb{}\u00bb button_text_size__hover_enabled=\u00bboff\u00bb button_one_text_size__hover_enabled=\u00bboff\u00bb button_two_text_size__hover_enabled=\u00bboff\u00bb button_text_color__hover_enabled=\u00bboff\u00bb button_one_text_color__hover_enabled=\u00bboff\u00bb button_two_text_color__hover_enabled=\u00bboff\u00bb button_border_width__hover_enabled=\u00bboff\u00bb button_one_border_width__hover_enabled=\u00bboff\u00bb button_two_border_width__hover_enabled=\u00bboff\u00bb button_border_color__hover_enabled=\u00bboff\u00bb button_one_border_color__hover_enabled=\u00bboff\u00bb button_two_border_color__hover_enabled=\u00bboff\u00bb button_border_radius__hover_enabled=\u00bboff\u00bb button_one_border_radius__hover_enabled=\u00bboff\u00bb button_two_border_radius__hover_enabled=\u00bboff\u00bb button_letter_spacing__hover_enabled=\u00bboff\u00bb button_one_letter_spacing__hover_enabled=\u00bboff\u00bb button_two_letter_spacing__hover_enabled=\u00bboff\u00bb button_bg_color__hover_enabled=\u00bboff\u00bb button_one_bg_color__hover_enabled=\u00bboff\u00bb button_two_bg_color__hover_enabled=\u00bboff\u00bb][\/et_pb_contact_field][et_pb_contact_field field_id=\u00bbServicio\u00bb field_title=\u00bbSelecciona el servicio\u00bb field_type=\u00bbselect\u00bb select_options=\u00bb%91{%22value%22:%22Ingenier\u00eda Mec\u00e1nica%22,%22checked%22:0,%22dragID%22:-1},{%22value%22:%22Trabajos Met\u00e1licos%22,%22checked%22:0,%22dragID%22:0},{%22value%22:%22Hidr\u00e1ulica%22,%22checked%22:0,%22dragID%22:1},{%22value%22:%22Mecanizado CNC%22,%22checked%22:0,%22dragID%22:2},{%22value%22:%22Otros%22,%22checked%22:0,%22dragID%22:3}%93&#8243; fullwidth_field=\u00bbon\u00bb _builder_version=\u00bb4.27.0&#8243; _module_preset=\u00bbdefault\u00bb form_field_background_color=\u00bb#CC292E\u00bb form_field_text_color=\u00bb#ffffff\u00bb form_field_focus_background_color=\u00bb#CC292E\u00bb form_field_focus_text_color=\u00bb#ffffff\u00bb global_colors_info=\u00bb{}\u00bb][\/et_pb_contact_field][et_pb_contact_field field_id=\u00bbMessage\u00bb field_title=\u00bbMensaje\u00bb field_type=\u00bbtext\u00bb fullwidth_field=\u00bbon\u00bb _builder_version=\u00bb4.27.0&#8243; global_colors_info=\u00bb{}\u00bb button_text_size__hover_enabled=\u00bboff\u00bb button_one_text_size__hover_enabled=\u00bboff\u00bb button_two_text_size__hover_enabled=\u00bboff\u00bb button_text_color__hover_enabled=\u00bboff\u00bb button_one_text_color__hover_enabled=\u00bboff\u00bb button_two_text_color__hover_enabled=\u00bboff\u00bb button_border_width__hover_enabled=\u00bboff\u00bb button_one_border_width__hover_enabled=\u00bboff\u00bb button_two_border_width__hover_enabled=\u00bboff\u00bb button_border_color__hover_enabled=\u00bboff\u00bb button_one_border_color__hover_enabled=\u00bboff\u00bb button_two_border_color__hover_enabled=\u00bboff\u00bb button_border_radius__hover_enabled=\u00bboff\u00bb button_one_border_radius__hover_enabled=\u00bboff\u00bb button_two_border_radius__hover_enabled=\u00bboff\u00bb button_letter_spacing__hover_enabled=\u00bboff\u00bb button_one_letter_spacing__hover_enabled=\u00bboff\u00bb button_two_letter_spacing__hover_enabled=\u00bboff\u00bb button_bg_color__hover_enabled=\u00bboff\u00bb button_one_bg_color__hover_enabled=\u00bboff\u00bb button_two_bg_color__hover_enabled=\u00bboff\u00bb][\/et_pb_contact_field][et_pb_contact_field field_id=\u00bbPoliticas\u00bb field_title=\u00bb \u00bb field_type=\u00bbcheckbox\u00bb checkbox_options=\u00bb%91{%22value%22:%22Acepto las %22,%22checked%22:0,%22dragID%22:-1,%22link_text%22:%22Pol\u00edticas de privacidad%22,%22link_url%22:%22https:\/\/grupobarcopm.com\/en\/privacy-policy\/%22}%93&#8243; fullwidth_field=\u00bbon\u00bb _builder_version=\u00bb4.27.0&#8243; _module_preset=\u00bbdefault\u00bb form_field_font_size=\u00bb13px\u00bb global_colors_info=\u00bb{}\u00bb][\/et_pb_contact_field][\/et_pb_contact_form][et_pb_text _builder_version=\u00bb4.27.4&#8243; _module_preset=\u00bbdefault\u00bb text_font_size=\u00bb12px\u00bb text_line_height=\u00bb1.4em\u00bb link_text_color=\u00bb#CC292E\u00bb hover_enabled=\u00bb0&#8243; global_colors_info=\u00bb{}\u00bb sticky_enabled=\u00bb0&#8243;]<\/p>\n<p>Informaci\u00f3n de protecci\u00f3n de datos<br \/>Responsable del tratamiento: Barco Proyectos N\u00e1uticos S.L<br \/>Fines del tratamiento: mantener una relaci\u00f3n comercial y el env\u00edo de comunicaciones de productos o servicios.<br \/>Podr\u00e1 obtener m\u00e1s informaci\u00f3n, informarse de sus derechos y revocar este consentimiento en la <a href=\"grupobarcopm.com\/es\/politica-de-privacidad\/\">Pol\u00edtica de privacidad.<\/a><br \/>Consiento el tratamiento de mis datos en los t\u00e9rminos expuestos.<\/p>\n<p>[\/et_pb_text][et_pb_text _builder_version=\u00bb4.27.4&#8243; _module_preset=\u00bbdefault\u00bb text_font_size=\u00bb12px\u00bb text_line_height=\u00bb1.4em\u00bb link_text_color=\u00bb#CC292E\u00bb hover_enabled=\u00bb0&#8243; global_colors_info=\u00bb{}\u00bb disabled_on=\u00bbon|on|on\u00bb disabled=\u00bbon\u00bb sticky_enabled=\u00bb0&#8243;]<\/p>\n<p>De acuerdo con las regulaciones de protecci\u00f3n de datos, proporcionamos la siguiente informaci\u00f3n sobre el tratamiento: Responsable: Barco Proyectos N\u00e1uticos S.L., B16503526, STP, MUELLE VIEJO s\/n, Edificio Global, Oficina n\u00ba 1 \u2013 07012 Palma (Illes Balears), <a href=\"mailto:info@barcopm.com\">info@barcopm.com<\/a>. Fines del tratamiento: mantener una relaci\u00f3n comercial y enviar comunicaciones sobre productos o servicios. Legitimaci\u00f3n: Obligaci\u00f3n legal del Responsable y consentimiento del interesado cuando sea apropiado. Destinatarios de cesiones: Administraciones p\u00fablicas competentes para el cumplimiento de obligaciones legales. Derechos que le asisten: acceso, rectificaci\u00f3n, portabilidad, supresi\u00f3n, limitaci\u00f3n y oposici\u00f3n. M\u00e1s informaci\u00f3n sobre el tratamiento: <a href=\"Https:\/\/grupobarcopm.com\">grupobarcopm.com<\/a><\/p>\n<p>[\/et_pb_text][\/et_pb_column][\/et_pb_section]<\/p>\n","protected":false},"excerpt":{"rendered":"<p><div class=\"et_pb_module df_adh_heading df_adh_heading_0\">\n\t\t\t\t\n\t\t\t\t\n\t\t\t\t\n\t\t\t\t\n\t\t\t\t\n\t\t\t\t\n\t\t\t\t<div class=\"et_pb_module_inner\">\n\t\t\t\t\t<div class=\"df-heading-container\">\r\n                \r\n                \r\n                <h3 class=\"df-heading\"><span class=\"prefix\">CONTACTO<\/span> <span class=\"infix\">Siempre y en cualquier lugar<\/span> <\/h3>\r\n                \r\n            <\/div>\n\t\t\t\t<\/div>\n\t\t\t<\/div>Palma de MallorcaSTP Muelle Viejo s\/n, Edificio Global, Oficina n\u00ba 1, 07012, Palma, Mallorca, Espa\u00f1a.+34 747 866 166 info@grupobarcopm.comVilanovaPendennis Vilanova Grand Marina, Moll de Ponent s\/n, 08800, Vilanova i la Geltr\u00fa, Barcelona, Espa\u00f1a.+34 [&hellip;]<\/p>\n","protected":false},"author":1,"featured_media":0,"parent":0,"menu_order":0,"comment_status":"closed","ping_status":"closed","template":"","meta":{"_et_pb_use_builder":"on","_et_pb_old_content":"<!-- wp:divi\/placeholder \/-->","_et_gb_content_width":"","inline_featured_image":false,"footnotes":""},"difl_page_category":[],"class_list":["post-1740","page","type-page","status-publish","hentry"],"yoast_head":"<!-- This site is optimized with the Yoast SEO plugin v26.1.1 - https:\/\/yoast.com\/wordpress\/plugins\/seo\/ -->\n<title>\u25b7 Contact us - Yachts, sailboats and megayachts services<\/title>\n<meta name=\"robots\" content=\"index, follow, max-snippet:-1, max-image-preview:large, max-video-preview:-1\" \/>\n<link rel=\"canonical\" href=\"https:\/\/grupobarcopm.com\/es\/contacto\/\" \/>\n<meta property=\"og:locale\" content=\"es_ES\" \/>\n<meta property=\"og:type\" content=\"article\" \/>\n<meta property=\"og:title\" content=\"\u25b7 Contact us - Yachts, sailboats and megayachts services\" \/>\n<meta property=\"og:description\" content=\"Palma de MallorcaSTP Muelle Viejo s\/n, Edificio Global, Oficina n\u00ba 1, 07012, Palma, Mallorca, Espa\u00f1a.+34 747 866 166 info@grupobarcopm.comVilanovaPendennis Vilanova Grand Marina, Moll de Ponent s\/n, 08800, Vilanova i la Geltr\u00fa, Barcelona, Espa\u00f1a.+34 [&hellip;]\" \/>\n<meta property=\"og:url\" content=\"https:\/\/grupobarcopm.com\/es\/contacto\/\" \/>\n<meta property=\"og:site_name\" content=\"Grupo Barco\" \/>\n<meta property=\"article:modified_time\" content=\"2025-10-21T10:43:18+00:00\" \/>\n<meta name=\"twitter:card\" content=\"summary_large_image\" \/>\n<meta name=\"twitter:label1\" content=\"Tiempo de lectura\" \/>\n\t<meta name=\"twitter:data1\" content=\"1 minuto\" \/>\n<script type=\"application\/ld+json\" class=\"yoast-schema-graph\">{\"@context\":\"https:\/\/schema.org\",\"@graph\":[{\"@type\":\"WebPage\",\"@id\":\"https:\/\/grupobarcopm.com\/es\/contacto\/\",\"url\":\"https:\/\/grupobarcopm.com\/es\/contacto\/\",\"name\":\"\u25b7 Contact us - Yachts, sailboats and megayachts services\",\"isPartOf\":{\"@id\":\"https:\/\/grupobarcopm.com\/es\/#website\"},\"datePublished\":\"2024-04-22T13:27:13+00:00\",\"dateModified\":\"2025-10-21T10:43:18+00:00\",\"breadcrumb\":{\"@id\":\"https:\/\/grupobarcopm.com\/es\/contacto\/#breadcrumb\"},\"inLanguage\":\"es\",\"potentialAction\":[{\"@type\":\"ReadAction\",\"target\":[\"https:\/\/grupobarcopm.com\/es\/contacto\/\"]}]},{\"@type\":\"BreadcrumbList\",\"@id\":\"https:\/\/grupobarcopm.com\/es\/contacto\/#breadcrumb\",\"itemListElement\":[{\"@type\":\"ListItem\",\"position\":1,\"name\":\"Home\",\"item\":\"https:\/\/grupobarcopm.com\/es\/\"},{\"@type\":\"ListItem\",\"position\":2,\"name\":\"Contacto\"}]},{\"@type\":\"WebSite\",\"@id\":\"https:\/\/grupobarcopm.com\/es\/#website\",\"url\":\"https:\/\/grupobarcopm.com\/es\/\",\"name\":\"Grupo Barco\",\"description\":\"Innovaci\u00f3n N\u00e1utica Unida\",\"publisher\":{\"@id\":\"https:\/\/grupobarcopm.com\/es\/#organization\"},\"potentialAction\":[{\"@type\":\"SearchAction\",\"target\":{\"@type\":\"EntryPoint\",\"urlTemplate\":\"https:\/\/grupobarcopm.com\/es\/?s={search_term_string}\"},\"query-input\":{\"@type\":\"PropertyValueSpecification\",\"valueRequired\":true,\"valueName\":\"search_term_string\"}}],\"inLanguage\":\"es\"},{\"@type\":\"Organization\",\"@id\":\"https:\/\/grupobarcopm.com\/es\/#organization\",\"name\":\"Grupo Barco\",\"url\":\"https:\/\/grupobarcopm.com\/es\/\",\"logo\":{\"@type\":\"ImageObject\",\"inLanguage\":\"es\",\"@id\":\"https:\/\/grupobarcopm.com\/es\/#\/schema\/logo\/image\/\",\"url\":\"https:\/\/grupobarcopm.com\/wp-content\/uploads\/2024\/04\/logo_Mesa-de-trabajo-1.svg\",\"contentUrl\":\"https:\/\/grupobarcopm.com\/wp-content\/uploads\/2024\/04\/logo_Mesa-de-trabajo-1.svg\",\"width\":\"1024\",\"height\":\"1024\",\"caption\":\"Grupo Barco\"},\"image\":{\"@id\":\"https:\/\/grupobarcopm.com\/es\/#\/schema\/logo\/image\/\"}}]}<\/script>\n<!-- \/ Yoast SEO plugin. -->","yoast_head_json":{"title":"\u25b7 Contact us - Yachts, sailboats and megayachts services","robots":{"index":"index","follow":"follow","max-snippet":"max-snippet:-1","max-image-preview":"max-image-preview:large","max-video-preview":"max-video-preview:-1"},"canonical":"https:\/\/grupobarcopm.com\/es\/contacto\/","og_locale":"es_ES","og_type":"article","og_title":"\u25b7 Contact us - Yachts, sailboats and megayachts services","og_description":"Palma de MallorcaSTP Muelle Viejo s\/n, Edificio Global, Oficina n\u00ba 1, 07012, Palma, Mallorca, Espa\u00f1a.+34 747 866 166 info@grupobarcopm.comVilanovaPendennis Vilanova Grand Marina, Moll de Ponent s\/n, 08800, Vilanova i la Geltr\u00fa, Barcelona, Espa\u00f1a.+34 [&hellip;]","og_url":"https:\/\/grupobarcopm.com\/es\/contacto\/","og_site_name":"Grupo Barco","article_modified_time":"2025-10-21T10:43:18+00:00","twitter_card":"summary_large_image","twitter_misc":{"Tiempo de lectura":"1 minuto"},"schema":{"@context":"https:\/\/schema.org","@graph":[{"@type":"WebPage","@id":"https:\/\/grupobarcopm.com\/es\/contacto\/","url":"https:\/\/grupobarcopm.com\/es\/contacto\/","name":"\u25b7 Contact us - Yachts, sailboats and megayachts services","isPartOf":{"@id":"https:\/\/grupobarcopm.com\/es\/#website"},"datePublished":"2024-04-22T13:27:13+00:00","dateModified":"2025-10-21T10:43:18+00:00","breadcrumb":{"@id":"https:\/\/grupobarcopm.com\/es\/contacto\/#breadcrumb"},"inLanguage":"es","potentialAction":[{"@type":"ReadAction","target":["https:\/\/grupobarcopm.com\/es\/contacto\/"]}]},{"@type":"BreadcrumbList","@id":"https:\/\/grupobarcopm.com\/es\/contacto\/#breadcrumb","itemListElement":[{"@type":"ListItem","position":1,"name":"Home","item":"https:\/\/grupobarcopm.com\/es\/"},{"@type":"ListItem","position":2,"name":"Contacto"}]},{"@type":"WebSite","@id":"https:\/\/grupobarcopm.com\/es\/#website","url":"https:\/\/grupobarcopm.com\/es\/","name":"Grupo Barco","description":"Innovaci\u00f3n N\u00e1utica Unida","publisher":{"@id":"https:\/\/grupobarcopm.com\/es\/#organization"},"potentialAction":[{"@type":"SearchAction","target":{"@type":"EntryPoint","urlTemplate":"https:\/\/grupobarcopm.com\/es\/?s={search_term_string}"},"query-input":{"@type":"PropertyValueSpecification","valueRequired":true,"valueName":"search_term_string"}}],"inLanguage":"es"},{"@type":"Organization","@id":"https:\/\/grupobarcopm.com\/es\/#organization","name":"Grupo Barco","url":"https:\/\/grupobarcopm.com\/es\/","logo":{"@type":"ImageObject","inLanguage":"es","@id":"https:\/\/grupobarcopm.com\/es\/#\/schema\/logo\/image\/","url":"https:\/\/grupobarcopm.com\/wp-content\/uploads\/2024\/04\/logo_Mesa-de-trabajo-1.svg","contentUrl":"https:\/\/grupobarcopm.com\/wp-content\/uploads\/2024\/04\/logo_Mesa-de-trabajo-1.svg","width":"1024","height":"1024","caption":"Grupo Barco"},"image":{"@id":"https:\/\/grupobarcopm.com\/es\/#\/schema\/logo\/image\/"}}]}},"_links":{"self":[{"href":"https:\/\/grupobarcopm.com\/es\/wp-json\/wp\/v2\/pages\/1740","targetHints":{"allow":["GET"]}}],"collection":[{"href":"https:\/\/grupobarcopm.com\/es\/wp-json\/wp\/v2\/pages"}],"about":[{"href":"https:\/\/grupobarcopm.com\/es\/wp-json\/wp\/v2\/types\/page"}],"author":[{"embeddable":true,"href":"https:\/\/grupobarcopm.com\/es\/wp-json\/wp\/v2\/users\/1"}],"replies":[{"embeddable":true,"href":"https:\/\/grupobarcopm.com\/es\/wp-json\/wp\/v2\/comments?post=1740"}],"version-history":[{"count":4,"href":"https:\/\/grupobarcopm.com\/es\/wp-json\/wp\/v2\/pages\/1740\/revisions"}],"predecessor-version":[{"id":2215,"href":"https:\/\/grupobarcopm.com\/es\/wp-json\/wp\/v2\/pages\/1740\/revisions\/2215"}],"wp:attachment":[{"href":"https:\/\/grupobarcopm.com\/es\/wp-json\/wp\/v2\/media?parent=1740"}],"wp:term":[{"taxonomy":"difl_page_category","embeddable":true,"href":"https:\/\/grupobarcopm.com\/es\/wp-json\/wp\/v2\/difl_page_category?post=1740"}],"curies":[{"name":"wp","href":"https:\/\/api.w.org\/{rel}","templated":true}]}}