{"id":1732,"date":"2024-04-22T13:34:39","date_gmt":"2024-04-22T13:34:39","guid":{"rendered":"https:\/\/grupobarcopm.com\/company\/"},"modified":"2024-09-18T10:00:48","modified_gmt":"2024-09-18T10:00:48","slug":"empresa","status":"publish","type":"page","link":"https:\/\/grupobarcopm.com\/es\/empresa\/","title":{"rendered":"Empresa"},"content":{"rendered":"<p>[et_pb_section fb_built=\u00bb1&#8243; fullwidth=\u00bbon\u00bb _builder_version=\u00bb4.25.0&#8243; _module_preset=\u00bbdefault\u00bb da_disable_devices=\u00bboff|off|off\u00bb global_colors_info=\u00bb{}\u00bb da_is_popup=\u00bboff\u00bb da_exit_intent=\u00bboff\u00bb da_has_close=\u00bbon\u00bb da_alt_close=\u00bboff\u00bb da_dark_close=\u00bboff\u00bb da_not_modal=\u00bbon\u00bb da_is_singular=\u00bboff\u00bb da_with_loader=\u00bboff\u00bb da_has_shadow=\u00bbon\u00bb][et_pb_fullwidth_header _builder_version=\u00bb4.25.0&#8243; _module_preset=\u00bbdefault\u00bb background_color=\u00bb#CC292E\u00bb height=\u00bb30vh\u00bb custom_padding=\u00bb10rem||||false|false\u00bb global_colors_info=\u00bb{}\u00bb][\/et_pb_fullwidth_header][\/et_pb_section][et_pb_section fb_built=\u00bb1&#8243; _builder_version=\u00bb4.16&#8243; custom_padding=\u00bb||0px|||\u00bb da_disable_devices=\u00bboff|off|off\u00bb locked=\u00bboff\u00bb global_colors_info=\u00bb{}\u00bb da_is_popup=\u00bboff\u00bb da_exit_intent=\u00bboff\u00bb da_has_close=\u00bbon\u00bb da_alt_close=\u00bboff\u00bb da_dark_close=\u00bboff\u00bb da_not_modal=\u00bbon\u00bb da_is_singular=\u00bboff\u00bb da_with_loader=\u00bboff\u00bb da_has_shadow=\u00bbon\u00bb][et_pb_row column_structure=\u00bb1_2,1_2&#8243; make_equal=\u00bbon\u00bb _builder_version=\u00bb4.25.0&#8243; background_size=\u00bbinitial\u00bb background_position=\u00bbtop_left\u00bb background_repeat=\u00bbrepeat\u00bb global_colors_info=\u00bb{}\u00bb][et_pb_column type=\u00bb1_2&#8243; _builder_version=\u00bb4.16&#8243; custom_padding=\u00bb|||\u00bb global_colors_info=\u00bb{}\u00bb custom_padding__hover=\u00bb|||\u00bb][df_adh_heading title_prefix=\u00bbEMPRESA\u00bb title_prefix_block=\u00bbblock\u00bb title_infix=\u00bbElevando los Servicios de Reparaci\u00f3n y Reacondicionamiento de Yates\u00bb title_infix_block=\u00bbblock\u00bb prefix_padding=\u00bb||1rem||false|false\u00bb _builder_version=\u00bb4.27.0&#8243; _module_preset=\u00bbdefault\u00bb t_prefix_font_size=\u00bb20px\u00bb t_infix_font=\u00bb|700|||||||\u00bb t_infix_font_size=\u00bb50px\u00bb t_infix_line_height=\u00bb1.1em\u00bb t_prefix_font_size_tablet=\u00bb18px\u00bb t_prefix_font_size_phone=\u00bb16px\u00bb t_prefix_font_size_last_edited=\u00bbon|phone\u00bb t_infix_font_size_tablet=\u00bb45px\u00bb t_infix_font_size_phone=\u00bb35px\u00bb t_infix_font_size_last_edited=\u00bbon|phone\u00bb global_colors_info=\u00bb{}\u00bb][\/df_adh_heading][et_pb_text _builder_version=\u00bb4.27.0&#8243; text_line_height=\u00bb1.5em\u00bb background_size=\u00bbinitial\u00bb background_position=\u00bbtop_left\u00bb background_repeat=\u00bbrepeat\u00bb custom_padding=\u00bb||||false|false\u00bb custom_padding_tablet=\u00bb||||false|false\u00bb custom_padding_phone=\u00bb||||false|false\u00bb custom_padding_last_edited=\u00bbon|phone\u00bb text_font_size_tablet=\u00bb17px\u00bb text_font_size_phone=\u00bb15px\u00bb text_font_size_last_edited=\u00bbon|phone\u00bb global_colors_info=\u00bb{}\u00bb]<\/p>\n<p>En la vasta extensi\u00f3n de las empresas mar\u00edtimas, Grupo Barco se erige como un faro de excelencia en los servicios de reparaci\u00f3n y reacondicionamiento de yates. Con una diversa gama de departamentos especializados en diferentes aspectos de la ingenier\u00eda marina, la compa\u00f1\u00eda se ha consolidado como un socio de confianza para los propietarios de yates que buscan soluciones de mantenimiento y renovaci\u00f3n de primer nivel. Desde tareas mec\u00e1nicas e ingenieriles hasta trabajos met\u00e1licos, soldadura y servicios hidr\u00e1ulicos, Grupo Barco ofrece un conjunto integral de servicios adaptados a las necesidades \u00fanicas de cada cliente.<\/p>\n<p>[\/et_pb_text][\/et_pb_column][et_pb_column type=\u00bb1_2&#8243; _builder_version=\u00bb4.25.0&#8243; background_enable_color=\u00bboff\u00bb custom_padding=\u00bb|||\u00bb border_radii=\u00bbon|5px|5px|5px|5px\u00bb global_colors_info=\u00bb{}\u00bb custom_padding__hover=\u00bb|||\u00bb][et_pb_image src=\u00bbhttp:\/\/grupobarcopm.com\/wp-content\/uploads\/2024\/04\/favicon.png\u00bb title_text=\u00bbfavicon\u00bb disabled_on=\u00bboff|off|off\u00bb _builder_version=\u00bb4.25.0&#8243; _module_preset=\u00bbdefault\u00bb width=\u00bb60%\u00bb module_alignment=\u00bbcenter\u00bb custom_padding=\u00bb55px|||||\u00bb border_radii=\u00bbon|5px|5px|5px|5px\u00bb global_colors_info=\u00bb{}\u00bb][\/et_pb_image][\/et_pb_column][\/et_pb_row][et_pb_row column_structure=\u00bb1_3,1_3,1_3&#8243; use_custom_gutter=\u00bbon\u00bb gutter_width=\u00bb2&#8243; make_equal=\u00bbon\u00bb _builder_version=\u00bb4.25.0&#8243; background_size=\u00bbinitial\u00bb background_position=\u00bbtop_left\u00bb background_repeat=\u00bbrepeat\u00bb global_colors_info=\u00bb{}\u00bb][et_pb_column type=\u00bb1_3&#8243; _builder_version=\u00bb4.16&#8243; custom_padding=\u00bb|||\u00bb global_colors_info=\u00bb{}\u00bb custom_padding__hover=\u00bb|||\u00bb][et_pb_image src=\u00bbhttp:\/\/grupobarcopm.com\/wp-content\/uploads\/2024\/04\/Alignments_1.jpg\u00bb title_text=\u00bbAlignments_1&#8243; _builder_version=\u00bb4.25.0&#8243; _module_preset=\u00bbdefault\u00bb border_radii=\u00bbon|5px|5px|5px|5px\u00bb global_colors_info=\u00bb{}\u00bb][\/et_pb_image][df_adh_heading title_prefix_block=\u00bbblock\u00bb title_infix=\u00bbUn Enfoque Multifac\u00e9tico\u00bb title_infix_block=\u00bbblock\u00bb prefix_padding=\u00bb||1rem||false|false\u00bb _builder_version=\u00bb4.27.0&#8243; _module_preset=\u00bbdefault\u00bb t_prefix_font_size=\u00bb20px\u00bb t_infix_font=\u00bb|700|||||||\u00bb t_infix_font_size=\u00bb40px\u00bb t_infix_line_height=\u00bb1.1em\u00bb custom_margin=\u00bb||||false|false\u00bb custom_margin_tablet=\u00bb||1rem||false|false\u00bb custom_margin_phone=\u00bb||0.5rem||false|false\u00bb custom_margin_last_edited=\u00bbon|phone\u00bb t_prefix_font_size_tablet=\u00bb18px\u00bb t_prefix_font_size_phone=\u00bb16px\u00bb t_prefix_font_size_last_edited=\u00bbon|phone\u00bb t_infix_font_size_tablet=\u00bb35px\u00bb t_infix_font_size_phone=\u00bb25px\u00bb t_infix_font_size_last_edited=\u00bbon|phone\u00bb global_colors_info=\u00bb{}\u00bb][\/df_adh_heading][et_pb_text _builder_version=\u00bb4.27.0&#8243; text_font_size=\u00bb17px\u00bb text_line_height=\u00bb1.5em\u00bb background_size=\u00bbinitial\u00bb background_position=\u00bbtop_left\u00bb background_repeat=\u00bbrepeat\u00bb custom_padding=\u00bb||||false|false\u00bb custom_padding_tablet=\u00bb||||false|false\u00bb custom_padding_phone=\u00bb||||false|false\u00bb custom_padding_last_edited=\u00bbon|phone\u00bb text_font_size_tablet=\u00bb16px\u00bb text_font_size_phone=\u00bb15px\u00bb text_font_size_last_edited=\u00bbon|phone\u00bb global_colors_info=\u00bb{}\u00bb]<\/p>\n<p>Grupo Barco opera a trav\u00e9s de varios departamentos distintos, cada uno especializado en un aspecto espec\u00edfico de la reparaci\u00f3n y reacondicionamiento de yates: Ingenier\u00eda Mec\u00e1nica, Trabajos Met\u00e1licos, Hidr\u00e1ulica y Mecanizado CNC.<\/p>\n<p>[\/et_pb_text][\/et_pb_column][et_pb_column type=\u00bb1_3&#8243; _builder_version=\u00bb4.16&#8243; custom_padding=\u00bb|||\u00bb global_colors_info=\u00bb{}\u00bb custom_padding__hover=\u00bb|||\u00bb][et_pb_image src=\u00bbhttp:\/\/grupobarcopm.com\/wp-content\/uploads\/2024\/04\/Steel_3.jpg\u00bb title_text=\u00bbSteel_3&#8243; _builder_version=\u00bb4.25.0&#8243; _module_preset=\u00bbdefault\u00bb border_radii=\u00bbon|5px|5px|5px|5px\u00bb global_colors_info=\u00bb{}\u00bb][\/et_pb_image][df_adh_heading title_prefix_block=\u00bbblock\u00bb title_infix=\u00bbUn Compromiso con la Excelencia\u00bb title_infix_block=\u00bbblock\u00bb prefix_padding=\u00bb||1rem||false|false\u00bb _builder_version=\u00bb4.27.0&#8243; _module_preset=\u00bbdefault\u00bb t_prefix_font_size=\u00bb20px\u00bb t_infix_font=\u00bb|700|||||||\u00bb t_infix_font_size=\u00bb40px\u00bb t_infix_line_height=\u00bb1.1em\u00bb custom_margin=\u00bb||||false|false\u00bb custom_margin_tablet=\u00bb||1rem||false|false\u00bb custom_margin_phone=\u00bb||0.5rem||false|false\u00bb custom_margin_last_edited=\u00bbon|phone\u00bb t_prefix_font_size_tablet=\u00bb18px\u00bb t_prefix_font_size_phone=\u00bb16px\u00bb t_prefix_font_size_last_edited=\u00bbon|phone\u00bb t_infix_font_size_tablet=\u00bb35px\u00bb t_infix_font_size_phone=\u00bb25px\u00bb t_infix_font_size_last_edited=\u00bbon|phone\u00bb global_colors_info=\u00bb{}\u00bb][\/df_adh_heading][et_pb_text _builder_version=\u00bb4.27.0&#8243; text_font_size=\u00bb17px\u00bb text_line_height=\u00bb1.5em\u00bb background_size=\u00bbinitial\u00bb background_position=\u00bbtop_left\u00bb background_repeat=\u00bbrepeat\u00bb custom_padding=\u00bb||||false|false\u00bb custom_padding_tablet=\u00bb||||false|false\u00bb custom_padding_phone=\u00bb||||false|false\u00bb custom_padding_last_edited=\u00bbon|phone\u00bb text_font_size_tablet=\u00bb16px\u00bb text_font_size_phone=\u00bb15px\u00bb text_font_size_last_edited=\u00bbon|phone\u00bb global_colors_info=\u00bb{}\u00bb]<\/p>\n<div class=\"flex max-w-full flex-col flex-grow\">\n<div data-message-author-role=\"assistant\" data-message-id=\"0d7fcf38-6078-4a3f-a58b-44031db4e045\" dir=\"auto\" class=\"min-h-[20px] text-message flex w-full flex-col items-end gap-2 whitespace-normal break-words [.text-message+&amp;]:mt-5\">\n<div class=\"flex w-full flex-col gap-1 empty:hidden first:pt-[3px]\">\n<div class=\"markdown prose w-full break-words dark:prose-invert light\">\n<p>En Grupo Barco, la excelencia no es solo un objetivo\u2014es una forma de vida. El equipo de profesionales altamente cualificados de la compa\u00f1\u00eda, que incluye ingenieros navales, t\u00e9cnicos, soldadores y gerentes de proyectos, est\u00e1 dedicado a ofrecer resultados superiores en cada proyecto que emprenden. Al mantenerse al tanto de los \u00faltimos avances en tecnolog\u00eda marina y adherirse a rigurosos est\u00e1ndares de calidad, Grupo Barco supera constantemente las expectativas, gan\u00e1ndose la confianza y lealtad de los propietarios de yates en todo el mundo<\/p>\n<\/div>\n<\/div>\n<\/div>\n<\/div>\n<p>[\/et_pb_text][\/et_pb_column][et_pb_column type=\u00bb1_3&#8243; _builder_version=\u00bb4.16&#8243; custom_padding=\u00bb|||\u00bb global_colors_info=\u00bb{}\u00bb custom_padding__hover=\u00bb|||\u00bb][et_pb_image src=\u00bbhttp:\/\/grupobarcopm.com\/wp-content\/uploads\/2024\/04\/Engineering_1.jpg\u00bb title_text=\u00bbEngineering_1&#8243; _builder_version=\u00bb4.25.0&#8243; _module_preset=\u00bbdefault\u00bb border_radii=\u00bbon|5px|5px|5px|5px\u00bb global_colors_info=\u00bb{}\u00bb][\/et_pb_image][df_adh_heading title_prefix_block=\u00bbblock\u00bb title_infix=\u00bbUna Presencia Global\u00bb title_infix_block=\u00bbblock\u00bb prefix_padding=\u00bb||1rem||false|false\u00bb _builder_version=\u00bb4.27.0&#8243; _module_preset=\u00bbdefault\u00bb t_prefix_font_size=\u00bb20px\u00bb t_infix_font=\u00bb|700|||||||\u00bb t_infix_font_size=\u00bb40px\u00bb t_infix_line_height=\u00bb1.1em\u00bb custom_margin=\u00bb||||false|false\u00bb custom_margin_tablet=\u00bb||1rem||false|false\u00bb custom_margin_phone=\u00bb||0.5rem||false|false\u00bb custom_margin_last_edited=\u00bbon|phone\u00bb t_prefix_font_size_tablet=\u00bb18px\u00bb t_prefix_font_size_phone=\u00bb16px\u00bb t_prefix_font_size_last_edited=\u00bbon|phone\u00bb t_infix_font_size_tablet=\u00bb35px\u00bb t_infix_font_size_phone=\u00bb25px\u00bb t_infix_font_size_last_edited=\u00bbon|phone\u00bb global_colors_info=\u00bb{}\u00bb][\/df_adh_heading][et_pb_text _builder_version=\u00bb4.27.0&#8243; text_font_size=\u00bb17px\u00bb text_line_height=\u00bb1.5em\u00bb background_size=\u00bbinitial\u00bb background_position=\u00bbtop_left\u00bb background_repeat=\u00bbrepeat\u00bb custom_padding=\u00bb||||false|false\u00bb custom_padding_tablet=\u00bb||||false|false\u00bb custom_padding_phone=\u00bb||||false|false\u00bb custom_padding_last_edited=\u00bbon|phone\u00bb text_font_size_tablet=\u00bb16px\u00bb text_font_size_phone=\u00bb15px\u00bb text_font_size_last_edited=\u00bbon|phone\u00bb global_colors_info=\u00bb{}\u00bb]<\/p>\n<p>Aunque Grupo Barco <strong>tiene su sede en Palma de Mallorca y Vilanova<\/strong>, su alcance se extiende mucho m\u00e1s all\u00e1 de las costas de Espa\u00f1a. Con la capacidad de trabajar en todos los astilleros del pa\u00eds, incluidos los de Palma de Mallorca y Vilanova, Grupo Barco atiende a clientes dondequiera que se encuentren. Ya sea una tarea de mantenimiento rutinario o un proyecto de reacondicionamiento complejo, los propietarios de yates pueden confiar en que Grupo Barco ofrecer\u00e1 un servicio y resultados excepcionales, sin importar la ubicaci\u00f3n.<\/p>\n<p>[\/et_pb_text][\/et_pb_column][\/et_pb_row][et_pb_row _builder_version=\u00bb4.25.0&#8243; _module_preset=\u00bbdefault\u00bb global_colors_info=\u00bb{}\u00bb][et_pb_column type=\u00bb4_4&#8243; _builder_version=\u00bb4.25.0&#8243; _module_preset=\u00bbdefault\u00bb global_colors_info=\u00bb{}\u00bb][et_pb_divider show_divider=\u00bboff\u00bb _builder_version=\u00bb4.25.0&#8243; _module_preset=\u00bbdefault\u00bb global_colors_info=\u00bb{}\u00bb][\/et_pb_divider][\/et_pb_column][\/et_pb_row][et_pb_row _builder_version=\u00bb4.25.0&#8243; background_size=\u00bbinitial\u00bb background_position=\u00bbtop_left\u00bb background_repeat=\u00bbrepeat\u00bb saved_tabs=\u00bball\u00bb locked=\u00bboff\u00bb global_colors_info=\u00bb{}\u00bb][et_pb_column type=\u00bb4_4&#8243; module_class=\u00bbservicios\u00bb _builder_version=\u00bb4.25.0&#8243; background_color=\u00bbrgba(0,0,0,0.2)\u00bb background_image=\u00bbhttps:\/\/grupobarcopm.com\/wp-content\/uploads\/2024\/04\/CnCMachining_1.jpg\u00bb background_blend=\u00bboverlay\u00bb overflow-x=\u00bbvisible\u00bb overflow-y=\u00bbvisible\u00bb custom_padding=\u00bb5rem|5rem|5rem|2rem|true|false\u00bb custom_padding_tablet=\u00bb5rem|2rem|5rem|2rem|false|false\u00bb custom_padding_phone=\u00bb4rem||4rem|0rem|false|false\u00bb custom_padding_last_edited=\u00bbon|phone\u00bb border_radii=\u00bbon|5px|5px|5px|5px\u00bb global_colors_info=\u00bb{}\u00bb custom_padding__hover=\u00bb|||\u00bb background_color__hover=\u00bbrgba(10,10,10,0.4)\u00bb background__hover_enabled=\u00bbon|hover\u00bb background_enable_color__hover=\u00bbon\u00bb][df_adh_heading title_prefix=\u00bbMECANIZADO CNC\u00bb title_prefix_block=\u00bbblock\u00bb title_infix=\u00bbTecnolog\u00eda avanzada de mecanizado CNC para componentes y piezas personalizados con alta precisi\u00f3n\u00bb title_infix_block=\u00bbblock\u00bb prefix_padding=\u00bb||1rem||false|false\u00bb infix_margin=\u00bb|||20rem|false|false\u00bb infix_margin_tablet=\u00bb|||0rem|false|false\u00bb infix_margin_phone=\u00bb|||0rem|false|false\u00bb infix_margin_last_edited=\u00bbon|phone\u00bb _builder_version=\u00bb4.27.0&#8243; _module_preset=\u00bbdefault\u00bb title_text_align=\u00bbright\u00bb t_prefix_text_color=\u00bb#ffffff\u00bb t_prefix_font_size=\u00bb20px\u00bb t_infix_font=\u00bb|700|||||||\u00bb t_infix_text_color=\u00bb#ffffff\u00bb t_infix_font_size=\u00bb50px\u00bb t_infix_line_height=\u00bb1.1em\u00bb t_prefix_font_size_tablet=\u00bb18px\u00bb t_prefix_font_size_phone=\u00bb16px\u00bb t_prefix_font_size_last_edited=\u00bbon|phone\u00bb t_infix_font_size_tablet=\u00bb45px\u00bb t_infix_font_size_phone=\u00bb35px\u00bb t_infix_font_size_last_edited=\u00bbon|phone\u00bb global_colors_info=\u00bb{}\u00bb][\/df_adh_heading][et_pb_button button_url=\u00bb@ET-DC@eyJkeW5hbWljIjp0cnVlLCJjb250ZW50IjoicG9zdF9saW5rX3VybF9wYWdlIiwic2V0dGluZ3MiOnsicG9zdF9pZCI6IjE0OCJ9fQ==@\u00bb button_text=\u00bbLeer M\u00e1s\u00bb button_alignment=\u00bbright\u00bb _builder_version=\u00bb4.27.0&#8243; _dynamic_attributes=\u00bbbutton_url\u00bb _module_preset=\u00bbdefault\u00bb custom_button=\u00bbon\u00bb button_use_icon=\u00bboff\u00bb custom_margin=\u00bb||||false|false\u00bb custom_padding=\u00bb|3rem||3rem|false|true\u00bb button_text_size_tablet=\u00bb17px\u00bb button_text_size_phone=\u00bb14px\u00bb button_text_size_last_edited=\u00bbon|phone\u00bb global_colors_info=\u00bb{}\u00bb button_bg_color__hover_enabled=\u00bbon|hover\u00bb button_bg_color__hover=\u00bb#CC292E\u00bb button_bg_enable_color__hover=\u00bbon\u00bb][\/et_pb_button][\/et_pb_column][\/et_pb_row][\/et_pb_section]<\/p>\n","protected":false},"excerpt":{"rendered":"<p><div class=\"et_pb_module df_adh_heading df_adh_heading_0\">\n\t\t\t\t\n\t\t\t\t\n\t\t\t\t\n\t\t\t\t\n\t\t\t\t\n\t\t\t\t\n\t\t\t\t<div class=\"et_pb_module_inner\">\n\t\t\t\t\t<div class=\"df-heading-container\">\r\n                \r\n                \r\n                <h3 class=\"df-heading\"><span class=\"prefix\">EMPRESA<\/span> <span class=\"infix\">Elevando los Servicios de Reparaci\u00f3n y Reacondicionamiento de Yates<\/span> <\/h3>\r\n                \r\n            <\/div>\n\t\t\t\t<\/div>\n\t\t\t<\/div>En la vasta extensi\u00f3n de las empresas mar\u00edtimas, Grupo Barco se erige como un faro de excelencia en los servicios de reparaci\u00f3n y reacondicionamiento de yates. Con una diversa [&hellip;]<\/p>\n","protected":false},"author":1,"featured_media":0,"parent":0,"menu_order":0,"comment_status":"closed","ping_status":"closed","template":"","meta":{"_et_pb_use_builder":"on","_et_pb_old_content":"","_et_gb_content_width":"","inline_featured_image":false,"footnotes":""},"difl_page_category":[],"class_list":["post-1732","page","type-page","status-publish","hentry"],"yoast_head":"<!-- This site is optimized with the Yoast SEO plugin v26.1.1 - https:\/\/yoast.com\/wordpress\/plugins\/seo\/ -->\n<title>\u25b7 Yacht and superyacht services in Mallorca, Barcelona y Vilanova<\/title>\n<meta name=\"robots\" content=\"index, follow, max-snippet:-1, max-image-preview:large, max-video-preview:-1\" \/>\n<link rel=\"canonical\" href=\"https:\/\/grupobarcopm.com\/es\/empresa\/\" \/>\n<meta property=\"og:locale\" content=\"es_ES\" \/>\n<meta property=\"og:type\" content=\"article\" \/>\n<meta property=\"og:title\" content=\"\u25b7 Yacht and superyacht services in Mallorca, Barcelona y Vilanova\" \/>\n<meta property=\"og:description\" content=\"En la vasta extensi\u00f3n de las empresas mar\u00edtimas, Grupo Barco se erige como un faro de excelencia en los servicios de reparaci\u00f3n y reacondicionamiento de yates. Con una diversa [&hellip;]\" \/>\n<meta property=\"og:url\" content=\"https:\/\/grupobarcopm.com\/es\/empresa\/\" \/>\n<meta property=\"og:site_name\" content=\"Grupo Barco\" \/>\n<meta property=\"article:modified_time\" content=\"2024-09-18T10:00:48+00:00\" \/>\n<meta name=\"twitter:card\" content=\"summary_large_image\" \/>\n<meta name=\"twitter:label1\" content=\"Tiempo de lectura\" \/>\n\t<meta name=\"twitter:data1\" content=\"3 minutos\" \/>\n<script type=\"application\/ld+json\" class=\"yoast-schema-graph\">{\"@context\":\"https:\/\/schema.org\",\"@graph\":[{\"@type\":\"WebPage\",\"@id\":\"https:\/\/grupobarcopm.com\/es\/empresa\/\",\"url\":\"https:\/\/grupobarcopm.com\/es\/empresa\/\",\"name\":\"\u25b7 Yacht and superyacht services in Mallorca, Barcelona y Vilanova\",\"isPartOf\":{\"@id\":\"https:\/\/grupobarcopm.com\/es\/#website\"},\"datePublished\":\"2024-04-22T13:34:39+00:00\",\"dateModified\":\"2024-09-18T10:00:48+00:00\",\"breadcrumb\":{\"@id\":\"https:\/\/grupobarcopm.com\/es\/empresa\/#breadcrumb\"},\"inLanguage\":\"es\",\"potentialAction\":[{\"@type\":\"ReadAction\",\"target\":[\"https:\/\/grupobarcopm.com\/es\/empresa\/\"]}]},{\"@type\":\"BreadcrumbList\",\"@id\":\"https:\/\/grupobarcopm.com\/es\/empresa\/#breadcrumb\",\"itemListElement\":[{\"@type\":\"ListItem\",\"position\":1,\"name\":\"Home\",\"item\":\"https:\/\/grupobarcopm.com\/es\/\"},{\"@type\":\"ListItem\",\"position\":2,\"name\":\"Empresa\"}]},{\"@type\":\"WebSite\",\"@id\":\"https:\/\/grupobarcopm.com\/es\/#website\",\"url\":\"https:\/\/grupobarcopm.com\/es\/\",\"name\":\"Grupo Barco\",\"description\":\"Innovaci\u00f3n N\u00e1utica Unida\",\"publisher\":{\"@id\":\"https:\/\/grupobarcopm.com\/es\/#organization\"},\"potentialAction\":[{\"@type\":\"SearchAction\",\"target\":{\"@type\":\"EntryPoint\",\"urlTemplate\":\"https:\/\/grupobarcopm.com\/es\/?s={search_term_string}\"},\"query-input\":{\"@type\":\"PropertyValueSpecification\",\"valueRequired\":true,\"valueName\":\"search_term_string\"}}],\"inLanguage\":\"es\"},{\"@type\":\"Organization\",\"@id\":\"https:\/\/grupobarcopm.com\/es\/#organization\",\"name\":\"Grupo Barco\",\"url\":\"https:\/\/grupobarcopm.com\/es\/\",\"logo\":{\"@type\":\"ImageObject\",\"inLanguage\":\"es\",\"@id\":\"https:\/\/grupobarcopm.com\/es\/#\/schema\/logo\/image\/\",\"url\":\"https:\/\/grupobarcopm.com\/wp-content\/uploads\/2024\/04\/logo_Mesa-de-trabajo-1.svg\",\"contentUrl\":\"https:\/\/grupobarcopm.com\/wp-content\/uploads\/2024\/04\/logo_Mesa-de-trabajo-1.svg\",\"width\":\"1024\",\"height\":\"1024\",\"caption\":\"Grupo Barco\"},\"image\":{\"@id\":\"https:\/\/grupobarcopm.com\/es\/#\/schema\/logo\/image\/\"}}]}<\/script>\n<!-- \/ Yoast SEO plugin. -->","yoast_head_json":{"title":"\u25b7 Yacht and superyacht services in Mallorca, Barcelona y Vilanova","robots":{"index":"index","follow":"follow","max-snippet":"max-snippet:-1","max-image-preview":"max-image-preview:large","max-video-preview":"max-video-preview:-1"},"canonical":"https:\/\/grupobarcopm.com\/es\/empresa\/","og_locale":"es_ES","og_type":"article","og_title":"\u25b7 Yacht and superyacht services in Mallorca, Barcelona y Vilanova","og_description":"En la vasta extensi\u00f3n de las empresas mar\u00edtimas, Grupo Barco se erige como un faro de excelencia en los servicios de reparaci\u00f3n y reacondicionamiento de yates. Con una diversa [&hellip;]","og_url":"https:\/\/grupobarcopm.com\/es\/empresa\/","og_site_name":"Grupo Barco","article_modified_time":"2024-09-18T10:00:48+00:00","twitter_card":"summary_large_image","twitter_misc":{"Tiempo de lectura":"3 minutos"},"schema":{"@context":"https:\/\/schema.org","@graph":[{"@type":"WebPage","@id":"https:\/\/grupobarcopm.com\/es\/empresa\/","url":"https:\/\/grupobarcopm.com\/es\/empresa\/","name":"\u25b7 Yacht and superyacht services in Mallorca, Barcelona y Vilanova","isPartOf":{"@id":"https:\/\/grupobarcopm.com\/es\/#website"},"datePublished":"2024-04-22T13:34:39+00:00","dateModified":"2024-09-18T10:00:48+00:00","breadcrumb":{"@id":"https:\/\/grupobarcopm.com\/es\/empresa\/#breadcrumb"},"inLanguage":"es","potentialAction":[{"@type":"ReadAction","target":["https:\/\/grupobarcopm.com\/es\/empresa\/"]}]},{"@type":"BreadcrumbList","@id":"https:\/\/grupobarcopm.com\/es\/empresa\/#breadcrumb","itemListElement":[{"@type":"ListItem","position":1,"name":"Home","item":"https:\/\/grupobarcopm.com\/es\/"},{"@type":"ListItem","position":2,"name":"Empresa"}]},{"@type":"WebSite","@id":"https:\/\/grupobarcopm.com\/es\/#website","url":"https:\/\/grupobarcopm.com\/es\/","name":"Grupo Barco","description":"Innovaci\u00f3n N\u00e1utica Unida","publisher":{"@id":"https:\/\/grupobarcopm.com\/es\/#organization"},"potentialAction":[{"@type":"SearchAction","target":{"@type":"EntryPoint","urlTemplate":"https:\/\/grupobarcopm.com\/es\/?s={search_term_string}"},"query-input":{"@type":"PropertyValueSpecification","valueRequired":true,"valueName":"search_term_string"}}],"inLanguage":"es"},{"@type":"Organization","@id":"https:\/\/grupobarcopm.com\/es\/#organization","name":"Grupo Barco","url":"https:\/\/grupobarcopm.com\/es\/","logo":{"@type":"ImageObject","inLanguage":"es","@id":"https:\/\/grupobarcopm.com\/es\/#\/schema\/logo\/image\/","url":"https:\/\/grupobarcopm.com\/wp-content\/uploads\/2024\/04\/logo_Mesa-de-trabajo-1.svg","contentUrl":"https:\/\/grupobarcopm.com\/wp-content\/uploads\/2024\/04\/logo_Mesa-de-trabajo-1.svg","width":"1024","height":"1024","caption":"Grupo Barco"},"image":{"@id":"https:\/\/grupobarcopm.com\/es\/#\/schema\/logo\/image\/"}}]}},"_links":{"self":[{"href":"https:\/\/grupobarcopm.com\/es\/wp-json\/wp\/v2\/pages\/1732","targetHints":{"allow":["GET"]}}],"collection":[{"href":"https:\/\/grupobarcopm.com\/es\/wp-json\/wp\/v2\/pages"}],"about":[{"href":"https:\/\/grupobarcopm.com\/es\/wp-json\/wp\/v2\/types\/page"}],"author":[{"embeddable":true,"href":"https:\/\/grupobarcopm.com\/es\/wp-json\/wp\/v2\/users\/1"}],"replies":[{"embeddable":true,"href":"https:\/\/grupobarcopm.com\/es\/wp-json\/wp\/v2\/comments?post=1732"}],"version-history":[{"count":3,"href":"https:\/\/grupobarcopm.com\/es\/wp-json\/wp\/v2\/pages\/1732\/revisions"}],"predecessor-version":[{"id":1739,"href":"https:\/\/grupobarcopm.com\/es\/wp-json\/wp\/v2\/pages\/1732\/revisions\/1739"}],"wp:attachment":[{"href":"https:\/\/grupobarcopm.com\/es\/wp-json\/wp\/v2\/media?parent=1732"}],"wp:term":[{"taxonomy":"difl_page_category","embeddable":true,"href":"https:\/\/grupobarcopm.com\/es\/wp-json\/wp\/v2\/difl_page_category?post=1732"}],"curies":[{"name":"wp","href":"https:\/\/api.w.org\/{rel}","templated":true}]}}