{"id":1722,"date":"2024-04-22T13:33:50","date_gmt":"2024-04-22T13:33:50","guid":{"rendered":"https:\/\/grupobarcopm.com\/cnc-machining\/"},"modified":"2024-09-18T09:22:32","modified_gmt":"2024-09-18T09:22:32","slug":"mecanizado-cnc","status":"publish","type":"page","link":"https:\/\/grupobarcopm.com\/es\/mecanizado-cnc\/","title":{"rendered":"Mecanizado CNC"},"content":{"rendered":"<p>[et_pb_section fb_built=\u00bb1&#8243; custom_padding_last_edited=\u00bbon|phone\u00bb _builder_version=\u00bb4.25.0&#8243; _module_preset=\u00bbdefault\u00bb background_color=\u00bb#647E96&#8243; custom_padding=\u00bb6rem||||false|false\u00bb custom_padding_tablet=\u00bb6rem||||false|false\u00bb custom_padding_phone=\u00bb3rem||||false|false\u00bb da_disable_devices=\u00bboff|off|off\u00bb locked=\u00bboff\u00bb global_colors_info=\u00bb{}\u00bb da_is_popup=\u00bboff\u00bb da_exit_intent=\u00bboff\u00bb da_has_close=\u00bbon\u00bb da_alt_close=\u00bboff\u00bb da_dark_close=\u00bboff\u00bb da_not_modal=\u00bbon\u00bb da_is_singular=\u00bboff\u00bb da_with_loader=\u00bboff\u00bb da_has_shadow=\u00bbon\u00bb][et_pb_row make_equal=\u00bbon\u00bb _builder_version=\u00bb4.25.0&#8243; background_size=\u00bbinitial\u00bb background_position=\u00bbtop_left\u00bb background_repeat=\u00bbrepeat\u00bb global_colors_info=\u00bb{}\u00bb][et_pb_column type=\u00bb4_4&#8243; _builder_version=\u00bb4.16&#8243; custom_padding=\u00bb|||\u00bb global_colors_info=\u00bb{}\u00bb custom_padding__hover=\u00bb|||\u00bb][et_pb_text _builder_version=\u00bb4.25.0&#8243; _module_preset=\u00bbdefault\u00bb text_font=\u00bbklavika-bold|700|||||||\u00bb text_text_color=\u00bbrgba(255,255,255,0.1)\u00bb text_font_size=\u00bb300px\u00bb text_line_height=\u00bb1.2em\u00bb positioning=\u00bbabsolute\u00bb position_origin_a=\u00bbtop_center\u00bb vertical_offset=\u00bb-100px\u00bb horizontal_offset=\u00bb-30px\u00bb text_orientation=\u00bbcenter\u00bb width=\u00bb100%\u00bb locked=\u00bboff\u00bb global_colors_info=\u00bb{}\u00bb]<\/p>\n<p>04<\/p>\n<p>[\/et_pb_text][df_adh_heading title_prefix=\u00bbMecanizado CNC\u00bb title_prefix_block=\u00bbblock\u00bb title_infix=\u00bbLa alta precisi\u00f3n es el camino\u00bb title_infix_block=\u00bbblock\u00bb prefix_padding=\u00bb||1rem||false|false\u00bb _builder_version=\u00bb4.27.0&#8243; _module_preset=\u00bbdefault\u00bb title_text_align=\u00bbcenter\u00bb title_text_color=\u00bb#ffffff\u00bb t_prefix_font_size=\u00bb20px\u00bb t_infix_font=\u00bb|700|||||||\u00bb t_infix_font_size=\u00bb50px\u00bb t_infix_line_height=\u00bb1.1em\u00bb t_prefix_font_size_tablet=\u00bb18px\u00bb t_prefix_font_size_phone=\u00bb16px\u00bb t_prefix_font_size_last_edited=\u00bbon|phone\u00bb t_infix_font_size_tablet=\u00bb45px\u00bb t_infix_font_size_phone=\u00bb35px\u00bb t_infix_font_size_last_edited=\u00bbon|phone\u00bb global_colors_info=\u00bb{}\u00bb][\/df_adh_heading][et_pb_text _builder_version=\u00bb4.27.0&#8243; text_text_color=\u00bb#ffffff\u00bb text_line_height=\u00bb1.5em\u00bb background_size=\u00bbinitial\u00bb background_position=\u00bbtop_left\u00bb background_repeat=\u00bbrepeat\u00bb text_orientation=\u00bbcenter\u00bb custom_padding=\u00bb||||false|false\u00bb custom_padding_tablet=\u00bb||||false|false\u00bb custom_padding_phone=\u00bb||||false|false\u00bb custom_padding_last_edited=\u00bbon|phone\u00bb text_font_size_tablet=\u00bb17px\u00bb text_font_size_phone=\u00bb16px\u00bb text_font_size_last_edited=\u00bbon|phone\u00bb global_colors_info=\u00bb{}\u00bb]<\/p>\n<p>La tecnolog\u00eda avanzada de mecanizado CNC nos permite fabricar componentes y piezas personalizadas con una precisi\u00f3n exacta, facilitando reparaciones y mejoras sin inconvenientes para yates de todos los tama\u00f1os.<\/p>\n<p>[\/et_pb_text][\/et_pb_column][\/et_pb_row][\/et_pb_section][et_pb_section fb_built=\u00bb1&#8243; _builder_version=\u00bb4.16&#8243; custom_padding=\u00bb||0px|||\u00bb da_disable_devices=\u00bboff|off|off\u00bb locked=\u00bboff\u00bb global_colors_info=\u00bb{}\u00bb da_is_popup=\u00bboff\u00bb da_exit_intent=\u00bboff\u00bb da_has_close=\u00bbon\u00bb da_alt_close=\u00bboff\u00bb da_dark_close=\u00bboff\u00bb da_not_modal=\u00bbon\u00bb da_is_singular=\u00bboff\u00bb da_with_loader=\u00bboff\u00bb da_has_shadow=\u00bbon\u00bb][et_pb_row make_equal=\u00bbon\u00bb disabled_on=\u00bbon|on|on\u00bb _builder_version=\u00bb4.25.0&#8243; background_size=\u00bbinitial\u00bb background_position=\u00bbtop_left\u00bb background_repeat=\u00bbrepeat\u00bb disabled=\u00bbon\u00bb global_colors_info=\u00bb{}\u00bb][et_pb_column type=\u00bb4_4&#8243; _builder_version=\u00bb4.16&#8243; custom_padding=\u00bb|||\u00bb global_colors_info=\u00bb{}\u00bb custom_padding__hover=\u00bb|||\u00bb][df_adh_heading title_prefix=\u00bbCNC MACHINING\u00bb title_prefix_block=\u00bbblock\u00bb title_infix=\u00bbHigh precision is the way\u00bb title_infix_block=\u00bbblock\u00bb prefix_padding=\u00bb||1rem||false|false\u00bb _builder_version=\u00bb4.25.0&#8243; _module_preset=\u00bbdefault\u00bb title_text_align=\u00bbcenter\u00bb t_prefix_font_size=\u00bb20px\u00bb t_infix_font=\u00bb|700|||||||\u00bb t_infix_font_size=\u00bb50px\u00bb t_infix_line_height=\u00bb1.1em\u00bb t_prefix_font_size_tablet=\u00bb18px\u00bb t_prefix_font_size_phone=\u00bb16px\u00bb t_prefix_font_size_last_edited=\u00bbon|phone\u00bb t_infix_font_size_tablet=\u00bb45px\u00bb t_infix_font_size_phone=\u00bb35px\u00bb t_infix_font_size_last_edited=\u00bbon|phone\u00bb global_colors_info=\u00bb{}\u00bb][\/df_adh_heading][et_pb_text _builder_version=\u00bb4.25.0&#8243; text_line_height=\u00bb1.5em\u00bb background_size=\u00bbinitial\u00bb background_position=\u00bbtop_left\u00bb background_repeat=\u00bbrepeat\u00bb text_orientation=\u00bbcenter\u00bb custom_padding=\u00bb||||false|false\u00bb custom_padding_tablet=\u00bb||||false|false\u00bb custom_padding_phone=\u00bb||||false|false\u00bb custom_padding_last_edited=\u00bbon|phone\u00bb text_font_size_tablet=\u00bb17px\u00bb text_font_size_phone=\u00bb14px\u00bb text_font_size_last_edited=\u00bbon|phone\u00bb global_colors_info=\u00bb{}\u00bb]<\/p>\n<p>Advanced CNC machining technology allows us to fabricate custom components and parts with an accurate precision, facilitating seamless repairs and upgrades for yachts of all sizes.<\/p>\n<p>[\/et_pb_text][\/et_pb_column][\/et_pb_row][et_pb_row column_structure=\u00bb1_2,1_2&#8243; make_equal=\u00bbon\u00bb _builder_version=\u00bb4.25.0&#8243; background_size=\u00bbinitial\u00bb background_position=\u00bbtop_left\u00bb background_repeat=\u00bbrepeat\u00bb global_colors_info=\u00bb{}\u00bb][et_pb_column type=\u00bb1_2&#8243; _builder_version=\u00bb4.25.0&#8243; background_enable_color=\u00bboff\u00bb custom_padding=\u00bb|||\u00bb border_radii=\u00bbon|5px|5px|5px|5px\u00bb global_colors_info=\u00bb{}\u00bb custom_padding__hover=\u00bb|||\u00bb][difl_imagecarousel item_desktop=\u00bb1&#8243; item_tablet=\u00bb1&#8243; centered_slides=\u00bbon\u00bb loop=\u00bbon\u00bb autoplay=\u00bbon\u00bb arrow=\u00bbon\u00bb arrow_color=\u00bb#CC292E\u00bb _builder_version=\u00bb4.25.0&#8243; _module_preset=\u00bbdefault\u00bb global_colors_info=\u00bb{}\u00bb][difl_imagecarouselitem image=\u00bbhttps:\/\/grupobarcopm.com\/wp-content\/uploads\/2024\/04\/CnCMachining_2.jpg\u00bb ic_button_button_url_new_window=\u00bb1&#8243; _builder_version=\u00bb4.25.0&#8243; _module_preset=\u00bbdefault\u00bb border_radii=\u00bbon|5px|5px|5px|5px\u00bb global_colors_info=\u00bb{}\u00bb][\/difl_imagecarouselitem][difl_imagecarouselitem image=\u00bbhttps:\/\/grupobarcopm.com\/wp-content\/uploads\/2024\/04\/CnCMachining_3.jpg\u00bb ic_button_button_url_new_window=\u00bb1&#8243; _builder_version=\u00bb4.25.0&#8243; _module_preset=\u00bbdefault\u00bb border_radii=\u00bbon|5px|5px|5px|5px\u00bb global_colors_info=\u00bb{}\u00bb][\/difl_imagecarouselitem][difl_imagecarouselitem image=\u00bbhttps:\/\/grupobarcopm.com\/wp-content\/uploads\/2024\/04\/CnCMachining_4.jpg\u00bb ic_button_button_url_new_window=\u00bb1&#8243; _builder_version=\u00bb4.25.0&#8243; _module_preset=\u00bbdefault\u00bb border_radii=\u00bbon|5px|5px|5px|5px\u00bb global_colors_info=\u00bb{}\u00bb][\/difl_imagecarouselitem][difl_imagecarouselitem image=\u00bbhttps:\/\/grupobarcopm.com\/wp-content\/uploads\/2024\/04\/CnCMachining_1.jpg\u00bb ic_button_button_url_new_window=\u00bb1&#8243; _builder_version=\u00bb4.25.0&#8243; _module_preset=\u00bbdefault\u00bb border_radii=\u00bbon|5px|5px|5px|5px\u00bb global_colors_info=\u00bb{}\u00bb][\/difl_imagecarouselitem][\/difl_imagecarousel][\/et_pb_column][et_pb_column type=\u00bb1_2&#8243; _builder_version=\u00bb4.16&#8243; custom_padding=\u00bb|||\u00bb global_colors_info=\u00bb{}\u00bb custom_padding__hover=\u00bb|||\u00bb][df_adh_heading title_prefix=\u00bbMecanizado CNC\u00bb title_prefix_block=\u00bbblock\u00bb title_infix=\u00bbLa clave maestra para una reparaci\u00f3n de yate excelente.\u00bb title_infix_block=\u00bbblock\u00bb prefix_padding=\u00bb||1rem||false|false\u00bb _builder_version=\u00bb4.27.0&#8243; _module_preset=\u00bbdefault\u00bb t_prefix_font_size=\u00bb20px\u00bb t_infix_font=\u00bb|700|||||||\u00bb t_infix_font_size=\u00bb40px\u00bb t_infix_line_height=\u00bb1.1em\u00bb custom_margin=\u00bb||||false|false\u00bb custom_margin_tablet=\u00bb||1rem||false|false\u00bb custom_margin_phone=\u00bb||0.5rem||false|false\u00bb custom_margin_last_edited=\u00bbon|phone\u00bb t_prefix_font_size_tablet=\u00bb18px\u00bb t_prefix_font_size_phone=\u00bb16px\u00bb t_prefix_font_size_last_edited=\u00bbon|phone\u00bb t_infix_font_size_tablet=\u00bb35px\u00bb t_infix_font_size_phone=\u00bb25px\u00bb t_infix_font_size_last_edited=\u00bbon|phone\u00bb global_colors_info=\u00bb{}\u00bb][\/df_adh_heading][et_pb_text _builder_version=\u00bb4.27.0&#8243; text_font_size=\u00bb17px\u00bb text_line_height=\u00bb1.5em\u00bb background_size=\u00bbinitial\u00bb background_position=\u00bbtop_left\u00bb background_repeat=\u00bbrepeat\u00bb custom_padding=\u00bb||||false|false\u00bb custom_padding_tablet=\u00bb||||false|false\u00bb custom_padding_phone=\u00bb||||false|false\u00bb custom_padding_last_edited=\u00bbon|phone\u00bb text_font_size_tablet=\u00bb16px\u00bb text_font_size_phone=\u00bb14px\u00bb text_font_size_last_edited=\u00bbon|phone\u00bb global_colors_info=\u00bb{}\u00bb]<\/p>\n<p>El nivel de precisi\u00f3n y perfecci\u00f3n logrado con nuestra tecnolog\u00eda es \u00fanico en nuestras islas, lo que permite dar un salto en calidad en las soluciones ofrecidas a nuestros clientes en sus yates.<\/p>\n<p>[\/et_pb_text][\/et_pb_column][\/et_pb_row][et_pb_row _builder_version=\u00bb4.25.0&#8243; _module_preset=\u00bbdefault\u00bb global_colors_info=\u00bb{}\u00bb][et_pb_column type=\u00bb4_4&#8243; _builder_version=\u00bb4.25.0&#8243; _module_preset=\u00bbdefault\u00bb global_colors_info=\u00bb{}\u00bb][et_pb_divider show_divider=\u00bboff\u00bb _builder_version=\u00bb4.25.0&#8243; _module_preset=\u00bbdefault\u00bb global_colors_info=\u00bb{}\u00bb][\/et_pb_divider][\/et_pb_column][\/et_pb_row][et_pb_row _builder_version=\u00bb4.25.0&#8243; background_size=\u00bbinitial\u00bb background_position=\u00bbtop_left\u00bb background_repeat=\u00bbrepeat\u00bb global_colors_info=\u00bb{}\u00bb background__hover_enabled=\u00bbon|hover\u00bb][et_pb_column type=\u00bb4_4&#8243; module_class=\u00bbservicios\u00bb _builder_version=\u00bb4.25.0&#8243; background_color=\u00bbrgba(0,0,0,0.2)\u00bb background_image=\u00bbhttp:\/\/grupobarcopm.com\/wp-content\/uploads\/2024\/04\/Engineering_3.jpg\u00bb background_blend=\u00bboverlay\u00bb overflow-x=\u00bbvisible\u00bb overflow-y=\u00bbvisible\u00bb custom_padding=\u00bb5rem|5rem|5rem|2rem|true|false\u00bb custom_padding_tablet=\u00bb5rem|2rem|5rem|2rem|false|false\u00bb custom_padding_phone=\u00bb4rem||4rem|0rem|false|false\u00bb custom_padding_last_edited=\u00bbon|phone\u00bb border_radii=\u00bbon|5px|5px|5px|5px\u00bb global_colors_info=\u00bb{}\u00bb custom_padding__hover=\u00bb|||\u00bb background_color__hover=\u00bbrgba(10,10,10,0.4)\u00bb background__hover_enabled=\u00bbon|hover\u00bb background_enable_color__hover=\u00bbon\u00bb][df_adh_heading title_prefix=\u00bbINGENIER\u00cdA MEC\u00c1NICA\u00bb title_prefix_block=\u00bbblock\u00bb title_infix=\u00bbINGENIER\u00cdA MEC\u00c1NICA  Contamos con un equipo propio de mec\u00e1nicos e ingenieros altamente experimentados, que trabajan en nuestros talleres completamente equipados.\u00bb title_infix_block=\u00bbblock\u00bb prefix_padding=\u00bb||1rem||false|false\u00bb infix_margin=\u00bb|||20rem|false|false\u00bb infix_margin_tablet=\u00bb|||0rem|false|false\u00bb infix_margin_phone=\u00bb|||0rem|false|false\u00bb infix_margin_last_edited=\u00bbon|phone\u00bb _builder_version=\u00bb4.27.0&#8243; _module_preset=\u00bbdefault\u00bb title_text_align=\u00bbright\u00bb t_prefix_text_color=\u00bb#ffffff\u00bb t_prefix_font_size=\u00bb20px\u00bb t_infix_font=\u00bb|700|||||||\u00bb t_infix_text_color=\u00bb#ffffff\u00bb t_infix_font_size=\u00bb50px\u00bb t_infix_line_height=\u00bb1.1em\u00bb t_prefix_font_size_tablet=\u00bb18px\u00bb t_prefix_font_size_phone=\u00bb16px\u00bb t_prefix_font_size_last_edited=\u00bbon|phone\u00bb t_infix_font_size_tablet=\u00bb45px\u00bb t_infix_font_size_phone=\u00bb35px\u00bb t_infix_font_size_last_edited=\u00bbon|phone\u00bb locked=\u00bboff\u00bb global_colors_info=\u00bb{}\u00bb][\/df_adh_heading][et_pb_button button_url=\u00bb@ET-DC@eyJkeW5hbWljIjp0cnVlLCJjb250ZW50IjoicG9zdF9saW5rX3VybF9wYWdlIiwic2V0dGluZ3MiOnsicG9zdF9pZCI6IjE0MiJ9fQ==@\u00bb button_text=\u00bbLeer M\u00e1s\u00bb button_alignment=\u00bbright\u00bb _builder_version=\u00bb4.27.0&#8243; _dynamic_attributes=\u00bbbutton_url\u00bb _module_preset=\u00bbdefault\u00bb custom_button=\u00bbon\u00bb button_use_icon=\u00bboff\u00bb custom_margin=\u00bb||||false|false\u00bb custom_padding=\u00bb|3rem||3rem|false|true\u00bb button_text_size_tablet=\u00bb17px\u00bb button_text_size_phone=\u00bb14px\u00bb button_text_size_last_edited=\u00bbon|phone\u00bb global_colors_info=\u00bb{}\u00bb button_bg_color__hover_enabled=\u00bbon|hover\u00bb button_bg_color__hover=\u00bb#CC292E\u00bb button_bg_enable_color__hover=\u00bbon\u00bb][\/et_pb_button][\/et_pb_column][\/et_pb_row][\/et_pb_section]<\/p>\n","protected":false},"excerpt":{"rendered":"<p>04<div class=\"et_pb_module df_adh_heading df_adh_heading_0\">\n\t\t\t\t\n\t\t\t\t\n\t\t\t\t\n\t\t\t\t\n\t\t\t\t\n\t\t\t\t\n\t\t\t\t<div class=\"et_pb_module_inner\">\n\t\t\t\t\t<div class=\"df-heading-container\">\r\n                \r\n                \r\n                <h3 class=\"df-heading\"><span class=\"prefix\">Mecanizado CNC<\/span> <span class=\"infix\">La alta precisi\u00f3n es el camino<\/span> <\/h3>\r\n                \r\n            <\/div>\n\t\t\t\t<\/div>\n\t\t\t<\/div>La tecnolog\u00eda avanzada de mecanizado CNC nos permite fabricar componentes y piezas personalizadas con una precisi\u00f3n exacta, facilitando reparaciones y mejoras sin inconvenientes para yates de todos los tama\u00f1os.<div class=\"et_pb_module df_adh_heading df_adh_heading_1\">\n\t\t\t\t\n\t\t\t\t\n\t\t\t\t\n\t\t\t\t\n\t\t\t\t\n\t\t\t\t\n\t\t\t\t<div class=\"et_pb_module_inner\">\n\t\t\t\t\t<div class=\"df-heading-container\">\r\n                \r\n                \r\n                <h3 class=\"df-heading\">  <\/h3>\r\n                \r\n            <\/div>\n\t\t\t\t<\/div>\n\t\t\t<\/div><\/p>\n","protected":false},"author":1,"featured_media":0,"parent":0,"menu_order":0,"comment_status":"closed","ping_status":"closed","template":"","meta":{"_et_pb_use_builder":"on","_et_pb_old_content":"","_et_gb_content_width":"","inline_featured_image":false,"footnotes":""},"difl_page_category":[],"class_list":["post-1722","page","type-page","status-publish","hentry"],"yoast_head":"<!-- This site is optimized with the Yoast SEO plugin v26.1.1 - https:\/\/yoast.com\/wordpress\/plugins\/seo\/ -->\n<title>Mecanizado CNC - Grupo Barco<\/title>\n<meta name=\"robots\" content=\"index, follow, max-snippet:-1, max-image-preview:large, max-video-preview:-1\" \/>\n<link rel=\"canonical\" href=\"https:\/\/grupobarcopm.com\/es\/mecanizado-cnc\/\" \/>\n<meta property=\"og:locale\" content=\"es_ES\" \/>\n<meta property=\"og:type\" content=\"article\" \/>\n<meta property=\"og:title\" content=\"Mecanizado CNC - Grupo Barco\" \/>\n<meta property=\"og:description\" content=\"04La tecnolog\u00eda avanzada de mecanizado CNC nos permite fabricar componentes y piezas personalizadas con una precisi\u00f3n exacta, facilitando reparaciones y mejoras sin inconvenientes para yates de todos los tama\u00f1os.\" \/>\n<meta property=\"og:url\" content=\"https:\/\/grupobarcopm.com\/es\/mecanizado-cnc\/\" \/>\n<meta property=\"og:site_name\" content=\"Grupo Barco\" \/>\n<meta property=\"article:modified_time\" content=\"2024-09-18T09:22:32+00:00\" \/>\n<meta name=\"twitter:card\" content=\"summary_large_image\" \/>\n<meta name=\"twitter:label1\" content=\"Tiempo de lectura\" \/>\n\t<meta name=\"twitter:data1\" content=\"2 minutos\" \/>\n<script type=\"application\/ld+json\" class=\"yoast-schema-graph\">{\"@context\":\"https:\/\/schema.org\",\"@graph\":[{\"@type\":\"WebPage\",\"@id\":\"https:\/\/grupobarcopm.com\/es\/mecanizado-cnc\/\",\"url\":\"https:\/\/grupobarcopm.com\/es\/mecanizado-cnc\/\",\"name\":\"Mecanizado CNC - Grupo Barco\",\"isPartOf\":{\"@id\":\"https:\/\/grupobarcopm.com\/es\/#website\"},\"datePublished\":\"2024-04-22T13:33:50+00:00\",\"dateModified\":\"2024-09-18T09:22:32+00:00\",\"breadcrumb\":{\"@id\":\"https:\/\/grupobarcopm.com\/es\/mecanizado-cnc\/#breadcrumb\"},\"inLanguage\":\"es\",\"potentialAction\":[{\"@type\":\"ReadAction\",\"target\":[\"https:\/\/grupobarcopm.com\/es\/mecanizado-cnc\/\"]}]},{\"@type\":\"BreadcrumbList\",\"@id\":\"https:\/\/grupobarcopm.com\/es\/mecanizado-cnc\/#breadcrumb\",\"itemListElement\":[{\"@type\":\"ListItem\",\"position\":1,\"name\":\"Home\",\"item\":\"https:\/\/grupobarcopm.com\/es\/\"},{\"@type\":\"ListItem\",\"position\":2,\"name\":\"Mecanizado CNC\"}]},{\"@type\":\"WebSite\",\"@id\":\"https:\/\/grupobarcopm.com\/es\/#website\",\"url\":\"https:\/\/grupobarcopm.com\/es\/\",\"name\":\"Grupo Barco\",\"description\":\"Innovaci\u00f3n N\u00e1utica Unida\",\"publisher\":{\"@id\":\"https:\/\/grupobarcopm.com\/es\/#organization\"},\"potentialAction\":[{\"@type\":\"SearchAction\",\"target\":{\"@type\":\"EntryPoint\",\"urlTemplate\":\"https:\/\/grupobarcopm.com\/es\/?s={search_term_string}\"},\"query-input\":{\"@type\":\"PropertyValueSpecification\",\"valueRequired\":true,\"valueName\":\"search_term_string\"}}],\"inLanguage\":\"es\"},{\"@type\":\"Organization\",\"@id\":\"https:\/\/grupobarcopm.com\/es\/#organization\",\"name\":\"Grupo Barco\",\"url\":\"https:\/\/grupobarcopm.com\/es\/\",\"logo\":{\"@type\":\"ImageObject\",\"inLanguage\":\"es\",\"@id\":\"https:\/\/grupobarcopm.com\/es\/#\/schema\/logo\/image\/\",\"url\":\"https:\/\/grupobarcopm.com\/wp-content\/uploads\/2024\/04\/logo_Mesa-de-trabajo-1.svg\",\"contentUrl\":\"https:\/\/grupobarcopm.com\/wp-content\/uploads\/2024\/04\/logo_Mesa-de-trabajo-1.svg\",\"width\":\"1024\",\"height\":\"1024\",\"caption\":\"Grupo Barco\"},\"image\":{\"@id\":\"https:\/\/grupobarcopm.com\/es\/#\/schema\/logo\/image\/\"}}]}<\/script>\n<!-- \/ Yoast SEO plugin. -->","yoast_head_json":{"title":"Mecanizado CNC - Grupo Barco","robots":{"index":"index","follow":"follow","max-snippet":"max-snippet:-1","max-image-preview":"max-image-preview:large","max-video-preview":"max-video-preview:-1"},"canonical":"https:\/\/grupobarcopm.com\/es\/mecanizado-cnc\/","og_locale":"es_ES","og_type":"article","og_title":"Mecanizado CNC - Grupo Barco","og_description":"04La tecnolog\u00eda avanzada de mecanizado CNC nos permite fabricar componentes y piezas personalizadas con una precisi\u00f3n exacta, facilitando reparaciones y mejoras sin inconvenientes para yates de todos los tama\u00f1os.","og_url":"https:\/\/grupobarcopm.com\/es\/mecanizado-cnc\/","og_site_name":"Grupo Barco","article_modified_time":"2024-09-18T09:22:32+00:00","twitter_card":"summary_large_image","twitter_misc":{"Tiempo de lectura":"2 minutos"},"schema":{"@context":"https:\/\/schema.org","@graph":[{"@type":"WebPage","@id":"https:\/\/grupobarcopm.com\/es\/mecanizado-cnc\/","url":"https:\/\/grupobarcopm.com\/es\/mecanizado-cnc\/","name":"Mecanizado CNC - Grupo Barco","isPartOf":{"@id":"https:\/\/grupobarcopm.com\/es\/#website"},"datePublished":"2024-04-22T13:33:50+00:00","dateModified":"2024-09-18T09:22:32+00:00","breadcrumb":{"@id":"https:\/\/grupobarcopm.com\/es\/mecanizado-cnc\/#breadcrumb"},"inLanguage":"es","potentialAction":[{"@type":"ReadAction","target":["https:\/\/grupobarcopm.com\/es\/mecanizado-cnc\/"]}]},{"@type":"BreadcrumbList","@id":"https:\/\/grupobarcopm.com\/es\/mecanizado-cnc\/#breadcrumb","itemListElement":[{"@type":"ListItem","position":1,"name":"Home","item":"https:\/\/grupobarcopm.com\/es\/"},{"@type":"ListItem","position":2,"name":"Mecanizado CNC"}]},{"@type":"WebSite","@id":"https:\/\/grupobarcopm.com\/es\/#website","url":"https:\/\/grupobarcopm.com\/es\/","name":"Grupo Barco","description":"Innovaci\u00f3n N\u00e1utica Unida","publisher":{"@id":"https:\/\/grupobarcopm.com\/es\/#organization"},"potentialAction":[{"@type":"SearchAction","target":{"@type":"EntryPoint","urlTemplate":"https:\/\/grupobarcopm.com\/es\/?s={search_term_string}"},"query-input":{"@type":"PropertyValueSpecification","valueRequired":true,"valueName":"search_term_string"}}],"inLanguage":"es"},{"@type":"Organization","@id":"https:\/\/grupobarcopm.com\/es\/#organization","name":"Grupo Barco","url":"https:\/\/grupobarcopm.com\/es\/","logo":{"@type":"ImageObject","inLanguage":"es","@id":"https:\/\/grupobarcopm.com\/es\/#\/schema\/logo\/image\/","url":"https:\/\/grupobarcopm.com\/wp-content\/uploads\/2024\/04\/logo_Mesa-de-trabajo-1.svg","contentUrl":"https:\/\/grupobarcopm.com\/wp-content\/uploads\/2024\/04\/logo_Mesa-de-trabajo-1.svg","width":"1024","height":"1024","caption":"Grupo Barco"},"image":{"@id":"https:\/\/grupobarcopm.com\/es\/#\/schema\/logo\/image\/"}}]}},"_links":{"self":[{"href":"https:\/\/grupobarcopm.com\/es\/wp-json\/wp\/v2\/pages\/1722","targetHints":{"allow":["GET"]}}],"collection":[{"href":"https:\/\/grupobarcopm.com\/es\/wp-json\/wp\/v2\/pages"}],"about":[{"href":"https:\/\/grupobarcopm.com\/es\/wp-json\/wp\/v2\/types\/page"}],"author":[{"embeddable":true,"href":"https:\/\/grupobarcopm.com\/es\/wp-json\/wp\/v2\/users\/1"}],"replies":[{"embeddable":true,"href":"https:\/\/grupobarcopm.com\/es\/wp-json\/wp\/v2\/comments?post=1722"}],"version-history":[{"count":4,"href":"https:\/\/grupobarcopm.com\/es\/wp-json\/wp\/v2\/pages\/1722\/revisions"}],"predecessor-version":[{"id":1731,"href":"https:\/\/grupobarcopm.com\/es\/wp-json\/wp\/v2\/pages\/1722\/revisions\/1731"}],"wp:attachment":[{"href":"https:\/\/grupobarcopm.com\/es\/wp-json\/wp\/v2\/media?parent=1722"}],"wp:term":[{"taxonomy":"difl_page_category","embeddable":true,"href":"https:\/\/grupobarcopm.com\/es\/wp-json\/wp\/v2\/difl_page_category?post=1722"}],"curies":[{"name":"wp","href":"https:\/\/api.w.org\/{rel}","templated":true}]}}