{"id":129,"date":"2024-04-22T13:27:13","date_gmt":"2024-04-22T13:27:13","guid":{"rendered":"https:\/\/dev.marksite.es\/grupobarco\/?page_id=129"},"modified":"2025-10-21T10:52:54","modified_gmt":"2025-10-21T10:52:54","slug":"contact","status":"publish","type":"page","link":"https:\/\/grupobarcopm.com\/en\/contact\/","title":{"rendered":"Contact"},"content":{"rendered":"<p>[et_pb_section fb_built=&#8221;1&#8243; fullwidth=&#8221;on&#8221; _builder_version=&#8221;4.25.0&#8243; _module_preset=&#8221;default&#8221; da_disable_devices=&#8221;off|off|off&#8221; global_colors_info=&#8221;{}&#8221; da_is_popup=&#8221;off&#8221; da_exit_intent=&#8221;off&#8221; da_has_close=&#8221;on&#8221; da_alt_close=&#8221;off&#8221; da_dark_close=&#8221;off&#8221; da_not_modal=&#8221;on&#8221; da_is_singular=&#8221;off&#8221; da_with_loader=&#8221;off&#8221; da_has_shadow=&#8221;on&#8221;][et_pb_fullwidth_header _builder_version=&#8221;4.25.0&#8243; _module_preset=&#8221;default&#8221; background_color=&#8221;#CC292E&#8221; height=&#8221;30vh&#8221; custom_padding=&#8221;10rem||||false|false&#8221; global_colors_info=&#8221;{}&#8221;][\/et_pb_fullwidth_header][\/et_pb_section][et_pb_section fb_built=&#8221;1&#8243; specialty=&#8221;on&#8221; _builder_version=&#8221;4.25.0&#8243; _module_preset=&#8221;default&#8221; da_disable_devices=&#8221;off|off|off&#8221; global_colors_info=&#8221;{}&#8221; da_is_popup=&#8221;off&#8221; da_exit_intent=&#8221;off&#8221; da_has_close=&#8221;on&#8221; da_alt_close=&#8221;off&#8221; da_dark_close=&#8221;off&#8221; da_not_modal=&#8221;on&#8221; da_is_singular=&#8221;off&#8221; da_with_loader=&#8221;off&#8221; da_has_shadow=&#8221;on&#8221;][et_pb_column type=&#8221;1_2&#8243; specialty_columns=&#8221;2&#8243; _builder_version=&#8221;4.16&#8243; custom_padding=&#8221;|||&#8221; global_colors_info=&#8221;{}&#8221; custom_padding__hover=&#8221;|||&#8221;][et_pb_row_inner _builder_version=&#8221;4.25.0&#8243; _module_preset=&#8221;default&#8221; global_colors_info=&#8221;{}&#8221;][et_pb_column_inner saved_specialty_column_type=&#8221;1_2&#8243; _builder_version=&#8221;4.25.0&#8243; _module_preset=&#8221;default&#8221; global_colors_info=&#8221;{}&#8221;][df_adh_heading title_prefix=&#8221;CONTACT&#8221; title_prefix_block=&#8221;block&#8221; title_infix=&#8221;Whenever &#038; Wherever&#8221; title_infix_block=&#8221;block&#8221; prefix_padding=&#8221;||1rem||false|false&#8221; _builder_version=&#8221;4.25.0&#8243; _module_preset=&#8221;default&#8221; t_prefix_font_size=&#8221;20px&#8221; t_infix_font=&#8221;|700|||||||&#8221; t_infix_font_size=&#8221;50px&#8221; t_infix_line_height=&#8221;1.1em&#8221; t_prefix_font_size_tablet=&#8221;18px&#8221; t_prefix_font_size_phone=&#8221;16px&#8221; t_prefix_font_size_last_edited=&#8221;on|phone&#8221; t_infix_font_size_tablet=&#8221;45px&#8221; t_infix_font_size_phone=&#8221;35px&#8221; t_infix_font_size_last_edited=&#8221;on|phone&#8221; global_colors_info=&#8221;{}&#8221;][\/df_adh_heading][\/et_pb_column_inner][\/et_pb_row_inner][et_pb_row_inner column_structure=&#8221;1_2,1_2&#8243; use_custom_gutter=&#8221;on&#8221; gutter_width=&#8221;2&#8243; _builder_version=&#8221;4.25.0&#8243; _module_preset=&#8221;default&#8221; global_colors_info=&#8221;{}&#8221;][et_pb_column_inner type=&#8221;1_2&#8243; saved_specialty_column_type=&#8221;1_2&#8243; _builder_version=&#8221;4.25.0&#8243; _module_preset=&#8221;default&#8221; global_colors_info=&#8221;{}&#8221;][et_pb_text _builder_version=&#8221;4.25.0&#8243; _module_preset=&#8221;default&#8221; text_font=&#8221;klavika-bold|700|||||||&#8221; text_text_color=&#8221;#000000&#8243; text_font_size_tablet=&#8221;18px&#8221; text_font_size_phone=&#8221;16px&#8221; text_font_size_last_edited=&#8221;on|tablet&#8221; global_colors_info=&#8221;{}&#8221;]<\/p>\n<p>Palma de Mallorca<\/p>\n<p>[\/et_pb_text][et_pb_text _builder_version=&#8221;4.25.0&#8243; text_font_size=&#8221;16px&#8221; text_line_height=&#8221;1.5em&#8221; background_size=&#8221;initial&#8221; background_position=&#8221;top_left&#8221; background_repeat=&#8221;repeat&#8221; custom_padding=&#8221;||||false|false&#8221; custom_padding_tablet=&#8221;||||false|false&#8221; custom_padding_phone=&#8221;||||false|false&#8221; custom_padding_last_edited=&#8221;on|phone&#8221; text_font_size_tablet=&#8221;15px&#8221; text_font_size_phone=&#8221;14px&#8221; text_font_size_last_edited=&#8221;on|tablet&#8221; global_colors_info=&#8221;{}&#8221;]<\/p>\n<p>STP<br \/>Muelle Viejo s\/n, Edificio Global Oficina n\u00ba 1, 07012 Palma, Mallorca, Espa\u00f1a.<\/p>\n<p>[\/et_pb_text][et_pb_text _builder_version=&#8221;4.25.0&#8243; text_font_size=&#8221;16px&#8221; text_line_height=&#8221;1.5em&#8221; background_size=&#8221;initial&#8221; background_position=&#8221;top_left&#8221; background_repeat=&#8221;repeat&#8221; custom_padding=&#8221;||||false|false&#8221; custom_padding_tablet=&#8221;||||false|false&#8221; custom_padding_phone=&#8221;||||false|false&#8221; custom_padding_last_edited=&#8221;on|phone&#8221; text_font_size_tablet=&#8221;15px&#8221; text_font_size_phone=&#8221;14px&#8221; text_font_size_last_edited=&#8221;on|tablet&#8221; global_colors_info=&#8221;{}&#8221;]<a href=\"tel:+34747866166\">+34 747 866 166<\/a><br \/>\n<a href=\"mailto:info@grupobarcopm.com\">info@grupobarcopm.com<\/a>[\/et_pb_text][\/et_pb_column_inner][et_pb_column_inner type=&#8221;1_2&#8243; saved_specialty_column_type=&#8221;1_2&#8243; _builder_version=&#8221;4.25.0&#8243; _module_preset=&#8221;default&#8221; global_colors_info=&#8221;{}&#8221;][et_pb_text _builder_version=&#8221;4.25.0&#8243; _module_preset=&#8221;default&#8221; text_font=&#8221;klavika-bold|700|||||||&#8221; text_text_color=&#8221;#000000&#8243; text_font_size_tablet=&#8221;18px&#8221; text_font_size_phone=&#8221;16px&#8221; text_font_size_last_edited=&#8221;on|tablet&#8221; global_colors_info=&#8221;{}&#8221;]<\/p>\n<p>Vilanova<\/p>\n<p>[\/et_pb_text][et_pb_text _builder_version=&#8221;4.27.0&#8243; text_font_size=&#8221;16px&#8221; text_line_height=&#8221;1.5em&#8221; background_size=&#8221;initial&#8221; background_position=&#8221;top_left&#8221; background_repeat=&#8221;repeat&#8221; custom_padding=&#8221;||||false|false&#8221; custom_padding_tablet=&#8221;||||false|false&#8221; custom_padding_phone=&#8221;||||false|false&#8221; custom_padding_last_edited=&#8221;on|phone&#8221; text_font_size_tablet=&#8221;15px&#8221; text_font_size_phone=&#8221;14px&#8221; text_font_size_last_edited=&#8221;on|tablet&#8221; global_colors_info=&#8221;{}&#8221;]Pendennis Vilanova<br \/>\nMoll de Ponent s\/n<br \/>\n08800 Vilanova i la Geltr\u00fa[\/et_pb_text][et_pb_text _builder_version=&#8221;4.25.0&#8243; text_font_size=&#8221;16px&#8221; text_line_height=&#8221;1.5em&#8221; background_size=&#8221;initial&#8221; background_position=&#8221;top_left&#8221; background_repeat=&#8221;repeat&#8221; custom_padding=&#8221;||||false|false&#8221; custom_padding_tablet=&#8221;||||false|false&#8221; custom_padding_phone=&#8221;||||false|false&#8221; custom_padding_last_edited=&#8221;on|phone&#8221; text_font_size_tablet=&#8221;15px&#8221; text_font_size_phone=&#8221;14px&#8221; text_font_size_last_edited=&#8221;on|tablet&#8221; global_colors_info=&#8221;{}&#8221;]<a href=\"tel:+34654375053\">+34 654 375 053<\/a><br \/>\n<a href=\"mailto:infovilanova@grupobarcopm.com\">infovilanova@grupobarcopm.com<\/a>[\/et_pb_text][\/et_pb_column_inner][\/et_pb_row_inner][\/et_pb_column][et_pb_column type=&#8221;1_2&#8243; _builder_version=&#8221;4.16&#8243; custom_padding=&#8221;|||&#8221; global_colors_info=&#8221;{}&#8221; custom_padding__hover=&#8221;|||&#8221;][et_pb_contact_form captcha=&#8221;off&#8221; email=&#8221;info@grupobarco.com&#8221; custom_message=&#8221;Email enviado desde la web de Grupo Barco.||et_pb_line_break_holder||||et_pb_line_break_holder||Nombre Completo: %%Nombre%%||et_pb_line_break_holder||Empresa: %%Empresa%%||et_pb_line_break_holder||M\u00f3vil: %%Movil%%||et_pb_line_break_holder||Servicio: %%Servicio%%||et_pb_line_break_holder||Mensaje: %%Mensaje%%||et_pb_line_break_holder||&#8221; submit_button_text=&#8221;Send&#8221; _builder_version=&#8221;4.25.0&#8243; _module_preset=&#8221;default&#8221; _unique_id=&#8221;45974d4e-30e2-46c8-8faa-b43919647a45&#8243; form_field_background_color=&#8221;#E9E9EA&#8221; form_field_text_color=&#8221;#000000&#8243; form_field_focus_background_color=&#8221;#E9E9EA&#8221; form_field_focus_text_color=&#8221;#CC292E&#8221; border_radii=&#8221;on|5px|5px|5px|5px&#8221; global_colors_info=&#8221;{}&#8221;][et_pb_contact_field field_id=&#8221;Nombre&#8221; field_title=&#8221;Name&#8221; fullwidth_field=&#8221;on&#8221; _builder_version=&#8221;4.25.0&#8243; global_colors_info=&#8221;{}&#8221; button_text_size__hover_enabled=&#8221;off&#8221; button_one_text_size__hover_enabled=&#8221;off&#8221; button_two_text_size__hover_enabled=&#8221;off&#8221; button_text_color__hover_enabled=&#8221;off&#8221; button_one_text_color__hover_enabled=&#8221;off&#8221; button_two_text_color__hover_enabled=&#8221;off&#8221; button_border_width__hover_enabled=&#8221;off&#8221; button_one_border_width__hover_enabled=&#8221;off&#8221; button_two_border_width__hover_enabled=&#8221;off&#8221; button_border_color__hover_enabled=&#8221;off&#8221; button_one_border_color__hover_enabled=&#8221;off&#8221; button_two_border_color__hover_enabled=&#8221;off&#8221; button_border_radius__hover_enabled=&#8221;off&#8221; button_one_border_radius__hover_enabled=&#8221;off&#8221; button_two_border_radius__hover_enabled=&#8221;off&#8221; button_letter_spacing__hover_enabled=&#8221;off&#8221; button_one_letter_spacing__hover_enabled=&#8221;off&#8221; button_two_letter_spacing__hover_enabled=&#8221;off&#8221; button_bg_color__hover_enabled=&#8221;off&#8221; button_one_bg_color__hover_enabled=&#8221;off&#8221; button_two_bg_color__hover_enabled=&#8221;off&#8221;][\/et_pb_contact_field][et_pb_contact_field field_id=&#8221;Empresa&#8221; field_title=&#8221;Company&#8221; _builder_version=&#8221;4.25.0&#8243; global_colors_info=&#8221;{}&#8221; button_text_size__hover_enabled=&#8221;off&#8221; button_one_text_size__hover_enabled=&#8221;off&#8221; button_two_text_size__hover_enabled=&#8221;off&#8221; button_text_color__hover_enabled=&#8221;off&#8221; button_one_text_color__hover_enabled=&#8221;off&#8221; button_two_text_color__hover_enabled=&#8221;off&#8221; button_border_width__hover_enabled=&#8221;off&#8221; button_one_border_width__hover_enabled=&#8221;off&#8221; button_two_border_width__hover_enabled=&#8221;off&#8221; button_border_color__hover_enabled=&#8221;off&#8221; button_one_border_color__hover_enabled=&#8221;off&#8221; button_two_border_color__hover_enabled=&#8221;off&#8221; button_border_radius__hover_enabled=&#8221;off&#8221; button_one_border_radius__hover_enabled=&#8221;off&#8221; button_two_border_radius__hover_enabled=&#8221;off&#8221; button_letter_spacing__hover_enabled=&#8221;off&#8221; button_one_letter_spacing__hover_enabled=&#8221;off&#8221; button_two_letter_spacing__hover_enabled=&#8221;off&#8221; button_bg_color__hover_enabled=&#8221;off&#8221; button_one_bg_color__hover_enabled=&#8221;off&#8221; button_two_bg_color__hover_enabled=&#8221;off&#8221;][\/et_pb_contact_field][et_pb_contact_field field_id=&#8221;Movil&#8221; field_title=&#8221;Phone&#8221; _builder_version=&#8221;4.25.0&#8243; global_colors_info=&#8221;{}&#8221; button_text_size__hover_enabled=&#8221;off&#8221; button_one_text_size__hover_enabled=&#8221;off&#8221; button_two_text_size__hover_enabled=&#8221;off&#8221; button_text_color__hover_enabled=&#8221;off&#8221; button_one_text_color__hover_enabled=&#8221;off&#8221; button_two_text_color__hover_enabled=&#8221;off&#8221; button_border_width__hover_enabled=&#8221;off&#8221; button_one_border_width__hover_enabled=&#8221;off&#8221; button_two_border_width__hover_enabled=&#8221;off&#8221; button_border_color__hover_enabled=&#8221;off&#8221; button_one_border_color__hover_enabled=&#8221;off&#8221; button_two_border_color__hover_enabled=&#8221;off&#8221; button_border_radius__hover_enabled=&#8221;off&#8221; button_one_border_radius__hover_enabled=&#8221;off&#8221; button_two_border_radius__hover_enabled=&#8221;off&#8221; button_letter_spacing__hover_enabled=&#8221;off&#8221; button_one_letter_spacing__hover_enabled=&#8221;off&#8221; button_two_letter_spacing__hover_enabled=&#8221;off&#8221; button_bg_color__hover_enabled=&#8221;off&#8221; button_one_bg_color__hover_enabled=&#8221;off&#8221; button_two_bg_color__hover_enabled=&#8221;off&#8221;][\/et_pb_contact_field][et_pb_contact_field field_id=&#8221;Email&#8221; field_title=&#8221;Email Address&#8221; field_type=&#8221;email&#8221; fullwidth_field=&#8221;on&#8221; _builder_version=&#8221;4.25.0&#8243; global_colors_info=&#8221;{}&#8221; button_text_size__hover_enabled=&#8221;off&#8221; button_one_text_size__hover_enabled=&#8221;off&#8221; button_two_text_size__hover_enabled=&#8221;off&#8221; button_text_color__hover_enabled=&#8221;off&#8221; button_one_text_color__hover_enabled=&#8221;off&#8221; button_two_text_color__hover_enabled=&#8221;off&#8221; button_border_width__hover_enabled=&#8221;off&#8221; button_one_border_width__hover_enabled=&#8221;off&#8221; button_two_border_width__hover_enabled=&#8221;off&#8221; button_border_color__hover_enabled=&#8221;off&#8221; button_one_border_color__hover_enabled=&#8221;off&#8221; button_two_border_color__hover_enabled=&#8221;off&#8221; button_border_radius__hover_enabled=&#8221;off&#8221; button_one_border_radius__hover_enabled=&#8221;off&#8221; button_two_border_radius__hover_enabled=&#8221;off&#8221; button_letter_spacing__hover_enabled=&#8221;off&#8221; button_one_letter_spacing__hover_enabled=&#8221;off&#8221; button_two_letter_spacing__hover_enabled=&#8221;off&#8221; button_bg_color__hover_enabled=&#8221;off&#8221; button_one_bg_color__hover_enabled=&#8221;off&#8221; button_two_bg_color__hover_enabled=&#8221;off&#8221;][\/et_pb_contact_field][et_pb_contact_field field_id=&#8221;Servicio&#8221; field_title=&#8221;Select the service&#8221; field_type=&#8221;select&#8221; select_options=&#8221;%91{%22value%22:%22Mechanical Engineering%22,%22checked%22:0,%22dragID%22:-1},{%22value%22:%22Metalworks%22,%22checked%22:0,%22dragID%22:0},{%22value%22:%22Hydraulics%22,%22checked%22:0,%22dragID%22:1},{%22value%22:%22CNC Machining%22,%22checked%22:0,%22dragID%22:2},{%22value%22:%22Others%22,%22checked%22:0,%22dragID%22:3}%93&#8243; fullwidth_field=&#8221;on&#8221; _builder_version=&#8221;4.25.0&#8243; _module_preset=&#8221;default&#8221; form_field_background_color=&#8221;#CC292E&#8221; form_field_text_color=&#8221;#ffffff&#8221; form_field_focus_background_color=&#8221;#CC292E&#8221; form_field_focus_text_color=&#8221;#ffffff&#8221; global_colors_info=&#8221;{}&#8221;][\/et_pb_contact_field][et_pb_contact_field field_id=&#8221;Message&#8221; field_title=&#8221;Message&#8221; field_type=&#8221;text&#8221; fullwidth_field=&#8221;on&#8221; _builder_version=&#8221;4.25.0&#8243; global_colors_info=&#8221;{}&#8221; button_text_size__hover_enabled=&#8221;off&#8221; button_one_text_size__hover_enabled=&#8221;off&#8221; button_two_text_size__hover_enabled=&#8221;off&#8221; button_text_color__hover_enabled=&#8221;off&#8221; button_one_text_color__hover_enabled=&#8221;off&#8221; button_two_text_color__hover_enabled=&#8221;off&#8221; button_border_width__hover_enabled=&#8221;off&#8221; button_one_border_width__hover_enabled=&#8221;off&#8221; button_two_border_width__hover_enabled=&#8221;off&#8221; button_border_color__hover_enabled=&#8221;off&#8221; button_one_border_color__hover_enabled=&#8221;off&#8221; button_two_border_color__hover_enabled=&#8221;off&#8221; button_border_radius__hover_enabled=&#8221;off&#8221; button_one_border_radius__hover_enabled=&#8221;off&#8221; button_two_border_radius__hover_enabled=&#8221;off&#8221; button_letter_spacing__hover_enabled=&#8221;off&#8221; button_one_letter_spacing__hover_enabled=&#8221;off&#8221; button_two_letter_spacing__hover_enabled=&#8221;off&#8221; button_bg_color__hover_enabled=&#8221;off&#8221; button_one_bg_color__hover_enabled=&#8221;off&#8221; button_two_bg_color__hover_enabled=&#8221;off&#8221;][\/et_pb_contact_field][et_pb_contact_field field_id=&#8221;Politicas&#8221; field_title=&#8221; &#8221; field_type=&#8221;checkbox&#8221; checkbox_options=&#8221;%91{%22value%22:%22I accept the %22,%22checked%22:0,%22dragID%22:-1,%22link_text%22:%22Privacy Policies%22,%22link_url%22:%22https:\/\/grupobarcopm.com\/en\/privacy-policy\/%22}%93&#8243; fullwidth_field=&#8221;on&#8221; _builder_version=&#8221;4.25.0&#8243; _module_preset=&#8221;default&#8221; form_field_font_size=&#8221;13px&#8221; global_colors_info=&#8221;{}&#8221;][\/et_pb_contact_field][\/et_pb_contact_form][et_pb_text _builder_version=&#8221;4.27.4&#8243; _module_preset=&#8221;default&#8221; text_font_size=&#8221;12px&#8221; text_line_height=&#8221;1.4em&#8221; link_text_color=&#8221;#CC292E&#8221; hover_enabled=&#8221;0&#8243; global_colors_info=&#8221;{}&#8221; sticky_enabled=&#8221;0&#8243;]<\/p>\n<p>Informaci\u00f3n de protecci\u00f3n de datos<br \/>Responsable del tratamiento: Barco Proyectos N\u00e1uticos S.L<br \/>Fines del tratamiento: mantener una relaci\u00f3n comercial y el env\u00edo de comunicaciones de productos o servicios.<br \/>Podr\u00e1 obtener m\u00e1s informaci\u00f3n, informarse de sus derechos y revocar este consentimiento en la <a href=\"https:\/\/grupobarcopm.com\/es\/contacto\/grupobarcopm.com\/en\/privacy-policy\">Pol\u00edtica de privacidad.<\/a><br \/>Consiento el tratamiento de mis datos en los t\u00e9rminos expuestos.<\/p>\n<p>[\/et_pb_text][et_pb_text _builder_version=&#8221;4.27.4&#8243; _module_preset=&#8221;default&#8221; text_font_size=&#8221;12px&#8221; text_line_height=&#8221;1.4em&#8221; link_text_color=&#8221;#CC292E&#8221; hover_enabled=&#8221;0&#8243; global_colors_info=&#8221;{}&#8221; disabled_on=&#8221;on|on|on&#8221; disabled=&#8221;on&#8221; sticky_enabled=&#8221;0&#8243;]<\/p>\n<p>In accordance with the data protection regulations, we provide the following treatment information: Responsible: Barco Proyectos N\u00e1uticos S.L., B16503526, STP, MUELLE VIEJO s\/n, Edificio Global, Oficina n\u00ba 1 \u2013 07012 Palma (Illes Balears), <a href=\"mailto:info@barcopm.com\">info@barcopm.com<\/a> .Purposes of the treatment: maintain a commercial relationship and send communications of products or services. Legitimation: Legal obligation of the Responsible and consent of the interested party where appropiate. Recipients of assignments: Public administrations competent for the fulfillment of legal obligations. Rights that assist you: access, rectification, portability, deletion, limitation and opposition More treatment information: <a href=\"Https:\/\/grupobarcopm.com\">grupobarcopm.com<\/a><\/p>\n<p>[\/et_pb_text][\/et_pb_column][\/et_pb_section]<\/p>\n","protected":false},"excerpt":{"rendered":"<p><div class=\"et_pb_module df_adh_heading df_adh_heading_0\">\n\t\t\t\t\n\t\t\t\t\n\t\t\t\t\n\t\t\t\t\n\t\t\t\t\n\t\t\t\t\n\t\t\t\t<div class=\"et_pb_module_inner\">\n\t\t\t\t\t<div class=\"df-heading-container\">\r\n                \r\n                \r\n                <h3 class=\"df-heading\"><span class=\"prefix\">CONTACT<\/span> <span class=\"infix\">Whenever &#038; Wherever<\/span> <\/h3>\r\n                \r\n            <\/div>\n\t\t\t\t<\/div>\n\t\t\t<\/div>Palma de MallorcaSTPMuelle Viejo s\/n, Edificio Global Oficina n\u00ba 1, 07012 Palma, Mallorca, Espa\u00f1a.+34 747 866 166 info@grupobarcopm.comVilanovaPendennis Vilanova Moll de Ponent s\/n 08800 Vilanova i la Geltr\u00fa+34 654 375 053 infovilanova@grupobarcopm.comInformaci\u00f3n de protecci\u00f3n de [&hellip;]<\/p>\n","protected":false},"author":1,"featured_media":0,"parent":0,"menu_order":0,"comment_status":"closed","ping_status":"closed","template":"","meta":{"_et_pb_use_builder":"on","_et_pb_old_content":"<!-- wp:divi\/placeholder \/-->","_et_gb_content_width":"","inline_featured_image":false,"footnotes":""},"difl_page_category":[],"class_list":["post-129","page","type-page","status-publish","hentry"],"yoast_head":"<!-- This site is optimized with the Yoast SEO plugin v26.1.1 - https:\/\/yoast.com\/wordpress\/plugins\/seo\/ -->\n<title>\u25b7 Contact us - Yachts, sailboats and megayachts services<\/title>\n<meta name=\"robots\" content=\"index, follow, max-snippet:-1, max-image-preview:large, max-video-preview:-1\" \/>\n<link rel=\"canonical\" href=\"https:\/\/grupobarcopm.com\/en\/contact\/\" \/>\n<meta property=\"og:locale\" content=\"en_US\" \/>\n<meta property=\"og:type\" content=\"article\" \/>\n<meta property=\"og:title\" content=\"\u25b7 Contact us - Yachts, sailboats and megayachts services\" \/>\n<meta property=\"og:description\" content=\"Palma de MallorcaSTPMuelle Viejo s\/n, Edificio Global Oficina n\u00ba 1, 07012 Palma, Mallorca, Espa\u00f1a.+34 747 866 166 info@grupobarcopm.comVilanovaPendennis Vilanova Moll de Ponent s\/n 08800 Vilanova i la Geltr\u00fa+34 654 375 053 infovilanova@grupobarcopm.comInformaci\u00f3n de protecci\u00f3n de [&hellip;]\" \/>\n<meta property=\"og:url\" content=\"https:\/\/grupobarcopm.com\/en\/contact\/\" \/>\n<meta property=\"og:site_name\" content=\"Grupo Barco\" \/>\n<meta property=\"article:modified_time\" content=\"2025-10-21T10:52:54+00:00\" \/>\n<meta name=\"twitter:card\" content=\"summary_large_image\" \/>\n<meta name=\"twitter:label1\" content=\"Est. reading time\" \/>\n\t<meta name=\"twitter:data1\" content=\"10 minutes\" \/>\n<script type=\"application\/ld+json\" class=\"yoast-schema-graph\">{\"@context\":\"https:\/\/schema.org\",\"@graph\":[{\"@type\":\"WebPage\",\"@id\":\"https:\/\/grupobarcopm.com\/en\/contact\/\",\"url\":\"https:\/\/grupobarcopm.com\/en\/contact\/\",\"name\":\"\u25b7 Contact us - Yachts, sailboats and megayachts services\",\"isPartOf\":{\"@id\":\"https:\/\/grupobarcopm.com\/en\/#website\"},\"datePublished\":\"2024-04-22T13:27:13+00:00\",\"dateModified\":\"2025-10-21T10:52:54+00:00\",\"breadcrumb\":{\"@id\":\"https:\/\/grupobarcopm.com\/en\/contact\/#breadcrumb\"},\"inLanguage\":\"en-US\",\"potentialAction\":[{\"@type\":\"ReadAction\",\"target\":[\"https:\/\/grupobarcopm.com\/en\/contact\/\"]}]},{\"@type\":\"BreadcrumbList\",\"@id\":\"https:\/\/grupobarcopm.com\/en\/contact\/#breadcrumb\",\"itemListElement\":[{\"@type\":\"ListItem\",\"position\":1,\"name\":\"Home\",\"item\":\"https:\/\/grupobarcopm.com\/en\/\"},{\"@type\":\"ListItem\",\"position\":2,\"name\":\"Contact\"}]},{\"@type\":\"WebSite\",\"@id\":\"https:\/\/grupobarcopm.com\/en\/#website\",\"url\":\"https:\/\/grupobarcopm.com\/en\/\",\"name\":\"Grupo Barco\",\"description\":\"Innovaci\u00f3n N\u00e1utica Unida\",\"publisher\":{\"@id\":\"https:\/\/grupobarcopm.com\/en\/#organization\"},\"potentialAction\":[{\"@type\":\"SearchAction\",\"target\":{\"@type\":\"EntryPoint\",\"urlTemplate\":\"https:\/\/grupobarcopm.com\/en\/?s={search_term_string}\"},\"query-input\":{\"@type\":\"PropertyValueSpecification\",\"valueRequired\":true,\"valueName\":\"search_term_string\"}}],\"inLanguage\":\"en-US\"},{\"@type\":\"Organization\",\"@id\":\"https:\/\/grupobarcopm.com\/en\/#organization\",\"name\":\"Grupo Barco\",\"url\":\"https:\/\/grupobarcopm.com\/en\/\",\"logo\":{\"@type\":\"ImageObject\",\"inLanguage\":\"en-US\",\"@id\":\"https:\/\/grupobarcopm.com\/en\/#\/schema\/logo\/image\/\",\"url\":\"https:\/\/grupobarcopm.com\/wp-content\/uploads\/2024\/04\/logo_Mesa-de-trabajo-1.svg\",\"contentUrl\":\"https:\/\/grupobarcopm.com\/wp-content\/uploads\/2024\/04\/logo_Mesa-de-trabajo-1.svg\",\"width\":\"1024\",\"height\":\"1024\",\"caption\":\"Grupo Barco\"},\"image\":{\"@id\":\"https:\/\/grupobarcopm.com\/en\/#\/schema\/logo\/image\/\"}}]}<\/script>\n<!-- \/ Yoast SEO plugin. -->","yoast_head_json":{"title":"\u25b7 Contact us - Yachts, sailboats and megayachts services","robots":{"index":"index","follow":"follow","max-snippet":"max-snippet:-1","max-image-preview":"max-image-preview:large","max-video-preview":"max-video-preview:-1"},"canonical":"https:\/\/grupobarcopm.com\/en\/contact\/","og_locale":"en_US","og_type":"article","og_title":"\u25b7 Contact us - Yachts, sailboats and megayachts services","og_description":"Palma de MallorcaSTPMuelle Viejo s\/n, Edificio Global Oficina n\u00ba 1, 07012 Palma, Mallorca, Espa\u00f1a.+34 747 866 166 info@grupobarcopm.comVilanovaPendennis Vilanova Moll de Ponent s\/n 08800 Vilanova i la Geltr\u00fa+34 654 375 053 infovilanova@grupobarcopm.comInformaci\u00f3n de protecci\u00f3n de [&hellip;]","og_url":"https:\/\/grupobarcopm.com\/en\/contact\/","og_site_name":"Grupo Barco","article_modified_time":"2025-10-21T10:52:54+00:00","twitter_card":"summary_large_image","twitter_misc":{"Est. reading time":"10 minutes"},"schema":{"@context":"https:\/\/schema.org","@graph":[{"@type":"WebPage","@id":"https:\/\/grupobarcopm.com\/en\/contact\/","url":"https:\/\/grupobarcopm.com\/en\/contact\/","name":"\u25b7 Contact us - Yachts, sailboats and megayachts services","isPartOf":{"@id":"https:\/\/grupobarcopm.com\/en\/#website"},"datePublished":"2024-04-22T13:27:13+00:00","dateModified":"2025-10-21T10:52:54+00:00","breadcrumb":{"@id":"https:\/\/grupobarcopm.com\/en\/contact\/#breadcrumb"},"inLanguage":"en-US","potentialAction":[{"@type":"ReadAction","target":["https:\/\/grupobarcopm.com\/en\/contact\/"]}]},{"@type":"BreadcrumbList","@id":"https:\/\/grupobarcopm.com\/en\/contact\/#breadcrumb","itemListElement":[{"@type":"ListItem","position":1,"name":"Home","item":"https:\/\/grupobarcopm.com\/en\/"},{"@type":"ListItem","position":2,"name":"Contact"}]},{"@type":"WebSite","@id":"https:\/\/grupobarcopm.com\/en\/#website","url":"https:\/\/grupobarcopm.com\/en\/","name":"Grupo Barco","description":"Innovaci\u00f3n N\u00e1utica Unida","publisher":{"@id":"https:\/\/grupobarcopm.com\/en\/#organization"},"potentialAction":[{"@type":"SearchAction","target":{"@type":"EntryPoint","urlTemplate":"https:\/\/grupobarcopm.com\/en\/?s={search_term_string}"},"query-input":{"@type":"PropertyValueSpecification","valueRequired":true,"valueName":"search_term_string"}}],"inLanguage":"en-US"},{"@type":"Organization","@id":"https:\/\/grupobarcopm.com\/en\/#organization","name":"Grupo Barco","url":"https:\/\/grupobarcopm.com\/en\/","logo":{"@type":"ImageObject","inLanguage":"en-US","@id":"https:\/\/grupobarcopm.com\/en\/#\/schema\/logo\/image\/","url":"https:\/\/grupobarcopm.com\/wp-content\/uploads\/2024\/04\/logo_Mesa-de-trabajo-1.svg","contentUrl":"https:\/\/grupobarcopm.com\/wp-content\/uploads\/2024\/04\/logo_Mesa-de-trabajo-1.svg","width":"1024","height":"1024","caption":"Grupo Barco"},"image":{"@id":"https:\/\/grupobarcopm.com\/en\/#\/schema\/logo\/image\/"}}]}},"_links":{"self":[{"href":"https:\/\/grupobarcopm.com\/en\/wp-json\/wp\/v2\/pages\/129","targetHints":{"allow":["GET"]}}],"collection":[{"href":"https:\/\/grupobarcopm.com\/en\/wp-json\/wp\/v2\/pages"}],"about":[{"href":"https:\/\/grupobarcopm.com\/en\/wp-json\/wp\/v2\/types\/page"}],"author":[{"embeddable":true,"href":"https:\/\/grupobarcopm.com\/en\/wp-json\/wp\/v2\/users\/1"}],"replies":[{"embeddable":true,"href":"https:\/\/grupobarcopm.com\/en\/wp-json\/wp\/v2\/comments?post=129"}],"version-history":[{"count":45,"href":"https:\/\/grupobarcopm.com\/en\/wp-json\/wp\/v2\/pages\/129\/revisions"}],"predecessor-version":[{"id":2219,"href":"https:\/\/grupobarcopm.com\/en\/wp-json\/wp\/v2\/pages\/129\/revisions\/2219"}],"wp:attachment":[{"href":"https:\/\/grupobarcopm.com\/en\/wp-json\/wp\/v2\/media?parent=129"}],"wp:term":[{"taxonomy":"difl_page_category","embeddable":true,"href":"https:\/\/grupobarcopm.com\/en\/wp-json\/wp\/v2\/difl_page_category?post=129"}],"curies":[{"name":"wp","href":"https:\/\/api.w.org\/{rel}","templated":true}]}}